{"id":81,"date":"2022-10-08T19:01:45","date_gmt":"2022-10-08T19:01:45","guid":{"rendered":"https:\/\/indoorski.de\/main\/?page_id=81"},"modified":"2024-03-04T10:08:05","modified_gmt":"2024-03-04T10:08:05","slug":"wie-siehts-aus","status":"publish","type":"page","link":"https:\/\/indoorski.de\/main\/wie-siehts-aus\/","title":{"rendered":"Wie sieht&#8217;s aus?"},"content":{"rendered":"\n<p><strong><em>Schneller lernen als im Schnee!<\/em><\/strong><\/p>\n\n\n\n<figure class=\"wp-block-gallery has-nested-images columns-default is-cropped wp-block-gallery-1 is-layout-flex wp-block-gallery-is-layout-flex\">\n<figure class=\"wp-block-image size-large\"><a href=\"https:\/\/indoorski.de\/main\/was-ist-ein-drehpiste#skigrass\"><img loading=\"lazy\" decoding=\"async\" width=\"920\" height=\"572\" data-id=\"42\" src=\"https:\/\/indoorski.de\/main\/wp-content\/uploads\/2022\/10\/Alpine-Revolving-Slope-0_Cropped.jpg\" alt=\"\" class=\"wp-image-42\" srcset=\"https:\/\/indoorski.de\/main\/wp-content\/uploads\/2022\/10\/Alpine-Revolving-Slope-0_Cropped.jpg 920w, https:\/\/indoorski.de\/main\/wp-content\/uploads\/2022\/10\/Alpine-Revolving-Slope-0_Cropped-300x187.jpg 300w, https:\/\/indoorski.de\/main\/wp-content\/uploads\/2022\/10\/Alpine-Revolving-Slope-0_Cropped-768x477.jpg 768w\" sizes=\"auto, (max-width: 767px) 89vw, (max-width: 1000px) 54vw, (max-width: 1071px) 543px, 580px\" \/><\/a><figcaption class=\"wp-element-caption\">Das Skigrass<\/figcaption><\/figure>\n\n\n\n<figure class=\"wp-block-image size-large\"><a href=\"https:\/\/indoorski.de\/main\/was-ist-ein-drehpiste#features\"><img loading=\"lazy\" decoding=\"async\" width=\"720\" height=\"572\" data-id=\"54\" src=\"https:\/\/indoorski.de\/main\/wp-content\/uploads\/2022\/10\/Alpine-Revolving-Slope-2-kopieren.jpg\" alt=\"\" class=\"wp-image-54\" srcset=\"https:\/\/indoorski.de\/main\/wp-content\/uploads\/2022\/10\/Alpine-Revolving-Slope-2-kopieren.jpg 720w, https:\/\/indoorski.de\/main\/wp-content\/uploads\/2022\/10\/Alpine-Revolving-Slope-2-kopieren-300x238.jpg 300w\" sizes=\"auto, (max-width: 720px) 100vw, 720px\" \/><\/a><figcaption class=\"wp-element-caption\">Verstellbare Steigung des Hangs<\/figcaption><\/figure>\n\n\n\n<figure class=\"wp-block-image size-large\"><a href=\"https:\/\/indoorski.de\/main\/was-ist-ein-drehpiste#sicherheit\"><img loading=\"lazy\" decoding=\"async\" width=\"944\" height=\"497\" data-id=\"59\" src=\"https:\/\/indoorski.de\/main\/wp-content\/uploads\/2022\/10\/Alpine-Revolving-Slope-3_bare.jpg\" alt=\"\" class=\"wp-image-59\" srcset=\"https:\/\/indoorski.de\/main\/wp-content\/uploads\/2022\/10\/Alpine-Revolving-Slope-3_bare.jpg 944w, https:\/\/indoorski.de\/main\/wp-content\/uploads\/2022\/10\/Alpine-Revolving-Slope-3_bare-300x158.jpg 300w, https:\/\/indoorski.de\/main\/wp-content\/uploads\/2022\/10\/Alpine-Revolving-Slope-3_bare-768x404.jpg 768w\" sizes=\"auto, (max-width: 767px) 89vw, (max-width: 1000px) 54vw, (max-width: 1071px) 543px, 580px\" \/><\/a><figcaption class=\"wp-element-caption\">Sicherheit<\/figcaption><\/figure>\n\n\n\n<figure class=\"wp-block-image size-large\"><a href=\"https:\/\/indoorski.de\/main\/was-ist-ein-drehpiste#snowboard\"><img loading=\"lazy\" decoding=\"async\" width=\"985\" height=\"450\" data-id=\"71\" src=\"https:\/\/indoorski.de\/main\/wp-content\/uploads\/2022\/10\/snowboarding0-1.jpg\" alt=\"\" class=\"wp-image-71\" srcset=\"https:\/\/indoorski.de\/main\/wp-content\/uploads\/2022\/10\/snowboarding0-1.jpg 985w, https:\/\/indoorski.de\/main\/wp-content\/uploads\/2022\/10\/snowboarding0-1-300x137.jpg 300w, https:\/\/indoorski.de\/main\/wp-content\/uploads\/2022\/10\/snowboarding0-1-768x351.jpg 768w\" sizes=\"auto, (max-width: 767px) 89vw, (max-width: 1000px) 54vw, (max-width: 1071px) 543px, 580px\" \/><\/a><figcaption class=\"wp-element-caption\">Snowboarden<\/figcaption><\/figure>\n\n\n\n<figure class=\"wp-block-image size-large\"><a href=\"https:\/\/indoorski.de\/main\/was-ist-ein-drehpiste#ski\"><img loading=\"lazy\" decoding=\"async\" width=\"1085\" height=\"458\" data-id=\"67\" src=\"https:\/\/indoorski.de\/main\/wp-content\/uploads\/2022\/10\/Alpine-Revolving-Slope-5_bare-1.jpg\" alt=\"\" class=\"wp-image-67\" srcset=\"https:\/\/indoorski.de\/main\/wp-content\/uploads\/2022\/10\/Alpine-Revolving-Slope-5_bare-1.jpg 1085w, https:\/\/indoorski.de\/main\/wp-content\/uploads\/2022\/10\/Alpine-Revolving-Slope-5_bare-1-300x127.jpg 300w, https:\/\/indoorski.de\/main\/wp-content\/uploads\/2022\/10\/Alpine-Revolving-Slope-5_bare-1-1024x432.jpg 1024w, https:\/\/indoorski.de\/main\/wp-content\/uploads\/2022\/10\/Alpine-Revolving-Slope-5_bare-1-768x324.jpg 768w\" sizes=\"auto, (max-width: 767px) 89vw, (max-width: 1000px) 54vw, (max-width: 1071px) 543px, 580px\" \/><\/a><figcaption class=\"wp-element-caption\">Skifahren<\/figcaption><\/figure>\n\n\n\n<figure class=\"wp-block-image size-large\"><a href=\"https:\/\/indoorski.de\/main\/was-ist-ein-drehpiste#ausbilder\"><img loading=\"lazy\" decoding=\"async\" width=\"1003\" height=\"559\" data-id=\"68\" src=\"https:\/\/indoorski.de\/main\/wp-content\/uploads\/2022\/10\/Alpine-Revolving-Slope-6_bare.jpg\" alt=\"\" class=\"wp-image-68\" srcset=\"https:\/\/indoorski.de\/main\/wp-content\/uploads\/2022\/10\/Alpine-Revolving-Slope-6_bare.jpg 1003w, https:\/\/indoorski.de\/main\/wp-content\/uploads\/2022\/10\/Alpine-Revolving-Slope-6_bare-300x167.jpg 300w, https:\/\/indoorski.de\/main\/wp-content\/uploads\/2022\/10\/Alpine-Revolving-Slope-6_bare-768x428.jpg 768w\" sizes=\"auto, (max-width: 767px) 89vw, (max-width: 1000px) 54vw, (max-width: 1071px) 543px, 580px\" \/><\/a><figcaption class=\"wp-element-caption\">Ski- und Snowboardschule<\/figcaption><\/figure>\n<\/figure>\n\n\n\n<p>Per Klick auf eines der Bilder kommst Du zu den entsprechenden Informationen.<\/p>\n\n\n\n<figure class=\"wp-block-image size-large\"><img loading=\"lazy\" decoding=\"async\" width=\"1024\" height=\"708\" src=\"https:\/\/indoorski.de\/main\/wp-content\/uploads\/2022\/10\/IMG_0062-1024x708.jpg\" alt=\"\" class=\"wp-image-101\" srcset=\"https:\/\/indoorski.de\/main\/wp-content\/uploads\/2022\/10\/IMG_0062-1024x708.jpg 1024w, https:\/\/indoorski.de\/main\/wp-content\/uploads\/2022\/10\/IMG_0062-300x207.jpg 300w, https:\/\/indoorski.de\/main\/wp-content\/uploads\/2022\/10\/IMG_0062-768x531.jpg 768w, https:\/\/indoorski.de\/main\/wp-content\/uploads\/2022\/10\/IMG_0062-1536x1062.jpg 1536w, https:\/\/indoorski.de\/main\/wp-content\/uploads\/2022\/10\/IMG_0062-2048x1415.jpg 2048w\" sizes=\"auto, (max-width: 767px) 89vw, (max-width: 1000px) 54vw, (max-width: 1071px) 543px, 580px\" \/><figcaption class=\"wp-element-caption\">F\u00fcr Ski- wie Snowboard geeignet.<\/figcaption><\/figure>\n\n\n\n<figure class=\"wp-block-image size-large\"><img loading=\"lazy\" decoding=\"async\" width=\"1024\" height=\"725\" src=\"https:\/\/indoorski.de\/main\/wp-content\/uploads\/2022\/10\/XXL-1024x725.jpg\" alt=\"\" class=\"wp-image-102\" srcset=\"https:\/\/indoorski.de\/main\/wp-content\/uploads\/2022\/10\/XXL-1024x725.jpg 1024w, https:\/\/indoorski.de\/main\/wp-content\/uploads\/2022\/10\/XXL-300x212.jpg 300w, https:\/\/indoorski.de\/main\/wp-content\/uploads\/2022\/10\/XXL-768x544.jpg 768w, https:\/\/indoorski.de\/main\/wp-content\/uploads\/2022\/10\/XXL-1536x1087.jpg 1536w, https:\/\/indoorski.de\/main\/wp-content\/uploads\/2022\/10\/XXL-2048x1450.jpg 2048w\" sizes=\"auto, (max-width: 767px) 89vw, (max-width: 1000px) 54vw, (max-width: 1071px) 543px, 580px\" \/><figcaption class=\"wp-element-caption\">F\u00fcr Anf\u00e4nger und Fortgeschrittene, mit oder ohne Festhalten am Balken sowie unterschiedlicher Steigung und Geschwindigkeit m\u00f6glich.<\/figcaption><\/figure>\n","protected":false},"excerpt":{"rendered":"<p>Schneller lernen als im Schnee! Per Klick auf eines der Bilder kommst Du zu den entsprechenden Informationen.<\/p>\n","protected":false},"author":1,"featured_media":105,"parent":0,"menu_order":0,"comment_status":"closed","ping_status":"closed","template":"","meta":{"footnotes":""},"class_list":["post-81","page","type-page","status-publish","has-post-thumbnail","hentry"],"yoast_head":"<!-- This site is optimized with the Yoast SEO plugin v24.9 - https:\/\/yoast.com\/wordpress\/plugins\/seo\/ -->\n<title>Wie sieht&#039;s aus? - Indoorski Deutschland<\/title>\n<meta name=\"robots\" content=\"index, follow, max-snippet:-1, max-image-preview:large, max-video-preview:-1\" \/>\n<link rel=\"canonical\" href=\"https:\/\/indoorski.de\/main\/wie-siehts-aus\/\" \/>\n<meta property=\"og:locale\" content=\"en_US\" \/>\n<meta property=\"og:type\" content=\"article\" \/>\n<meta property=\"og:title\" content=\"Wie sieht&#039;s aus? - Indoorski Deutschland\" \/>\n<meta property=\"og:description\" content=\"Schneller lernen als im Schnee! Per Klick auf eines der Bilder kommst Du zu den entsprechenden Informationen.\" \/>\n<meta property=\"og:url\" content=\"https:\/\/indoorski.de\/main\/wie-siehts-aus\/\" \/>\n<meta property=\"og:site_name\" content=\"Indoorski Deutschland\" \/>\n<meta property=\"article:modified_time\" content=\"2024-03-04T10:08:05+00:00\" \/>\n<meta property=\"og:image\" content=\"https:\/\/indoorski.de\/main\/wp-content\/uploads\/2022\/10\/1U2A1974-scaled.jpg\" \/>\n\t<meta property=\"og:image:width\" content=\"2560\" \/>\n\t<meta property=\"og:image:height\" content=\"1707\" \/>\n\t<meta property=\"og:image:type\" content=\"image\/jpeg\" \/>\n<meta name=\"twitter:card\" content=\"summary_large_image\" \/>\n<meta name=\"twitter:label1\" content=\"Est. reading time\" \/>\n\t<meta name=\"twitter:data1\" content=\"2 minutes\" \/>\n<script type=\"application\/ld+json\" class=\"yoast-schema-graph\">{\"@context\":\"https:\/\/schema.org\",\"@graph\":[{\"@type\":\"WebPage\",\"@id\":\"https:\/\/indoorski.de\/main\/wie-siehts-aus\/\",\"url\":\"https:\/\/indoorski.de\/main\/wie-siehts-aus\/\",\"name\":\"Wie sieht's aus? - Indoorski Deutschland\",\"isPartOf\":{\"@id\":\"https:\/\/indoorski.de\/main\/#website\"},\"primaryImageOfPage\":{\"@id\":\"https:\/\/indoorski.de\/main\/wie-siehts-aus\/#primaryimage\"},\"image\":{\"@id\":\"https:\/\/indoorski.de\/main\/wie-siehts-aus\/#primaryimage\"},\"thumbnailUrl\":\"https:\/\/indoorski.de\/main\/wp-content\/uploads\/2022\/10\/1U2A1974-scaled.jpg\",\"datePublished\":\"2022-10-08T19:01:45+00:00\",\"dateModified\":\"2024-03-04T10:08:05+00:00\",\"breadcrumb\":{\"@id\":\"https:\/\/indoorski.de\/main\/wie-siehts-aus\/#breadcrumb\"},\"inLanguage\":\"en-US\",\"potentialAction\":[{\"@type\":\"ReadAction\",\"target\":[\"https:\/\/indoorski.de\/main\/wie-siehts-aus\/\"]}]},{\"@type\":\"ImageObject\",\"inLanguage\":\"en-US\",\"@id\":\"https:\/\/indoorski.de\/main\/wie-siehts-aus\/#primaryimage\",\"url\":\"https:\/\/indoorski.de\/main\/wp-content\/uploads\/2022\/10\/1U2A1974-scaled.jpg\",\"contentUrl\":\"https:\/\/indoorski.de\/main\/wp-content\/uploads\/2022\/10\/1U2A1974-scaled.jpg\",\"width\":2560,\"height\":1707},{\"@type\":\"BreadcrumbList\",\"@id\":\"https:\/\/indoorski.de\/main\/wie-siehts-aus\/#breadcrumb\",\"itemListElement\":[{\"@type\":\"ListItem\",\"position\":1,\"name\":\"Home\",\"item\":\"https:\/\/indoorski.de\/main\/\"},{\"@type\":\"ListItem\",\"position\":2,\"name\":\"Wie sieht&#8217;s aus?\"}]},{\"@type\":\"WebSite\",\"@id\":\"https:\/\/indoorski.de\/main\/#website\",\"url\":\"https:\/\/indoorski.de\/main\/\",\"name\":\"Indoorski Deutschland\",\"description\":\"Schneller lernen in der Skischule der Zukunft\",\"publisher\":{\"@id\":\"https:\/\/indoorski.de\/main\/#organization\"},\"potentialAction\":[{\"@type\":\"SearchAction\",\"target\":{\"@type\":\"EntryPoint\",\"urlTemplate\":\"https:\/\/indoorski.de\/main\/?s={search_term_string}\"},\"query-input\":{\"@type\":\"PropertyValueSpecification\",\"valueRequired\":true,\"valueName\":\"search_term_string\"}}],\"inLanguage\":\"en-US\"},{\"@type\":\"Organization\",\"@id\":\"https:\/\/indoorski.de\/main\/#organization\",\"name\":\"Indoorski Deutschland\",\"url\":\"https:\/\/indoorski.de\/main\/\",\"logo\":{\"@type\":\"ImageObject\",\"inLanguage\":\"en-US\",\"@id\":\"https:\/\/indoorski.de\/main\/#\/schema\/logo\/image\/\",\"url\":\"https:\/\/indoorski.de\/main\/wp-content\/uploads\/2025\/05\/cropped-indoorski_deutschland_logo_948px-72ppi.jpg\",\"contentUrl\":\"https:\/\/indoorski.de\/main\/wp-content\/uploads\/2025\/05\/cropped-indoorski_deutschland_logo_948px-72ppi.jpg\",\"width\":651,\"height\":250,\"caption\":\"Indoorski Deutschland\"},\"image\":{\"@id\":\"https:\/\/indoorski.de\/main\/#\/schema\/logo\/image\/\"}}]}<\/script>\n<!-- \/ Yoast SEO plugin. -->","yoast_head_json":{"title":"Wie sieht's aus? - Indoorski Deutschland","robots":{"index":"index","follow":"follow","max-snippet":"max-snippet:-1","max-image-preview":"max-image-preview:large","max-video-preview":"max-video-preview:-1"},"canonical":"https:\/\/indoorski.de\/main\/wie-siehts-aus\/","og_locale":"en_US","og_type":"article","og_title":"Wie sieht's aus? - Indoorski Deutschland","og_description":"Schneller lernen als im Schnee! Per Klick auf eines der Bilder kommst Du zu den entsprechenden Informationen.","og_url":"https:\/\/indoorski.de\/main\/wie-siehts-aus\/","og_site_name":"Indoorski Deutschland","article_modified_time":"2024-03-04T10:08:05+00:00","og_image":[{"width":2560,"height":1707,"url":"https:\/\/indoorski.de\/main\/wp-content\/uploads\/2022\/10\/1U2A1974-scaled.jpg","type":"image\/jpeg"}],"twitter_card":"summary_large_image","twitter_misc":{"Est. reading time":"2 minutes"},"schema":{"@context":"https:\/\/schema.org","@graph":[{"@type":"WebPage","@id":"https:\/\/indoorski.de\/main\/wie-siehts-aus\/","url":"https:\/\/indoorski.de\/main\/wie-siehts-aus\/","name":"Wie sieht's aus? - Indoorski Deutschland","isPartOf":{"@id":"https:\/\/indoorski.de\/main\/#website"},"primaryImageOfPage":{"@id":"https:\/\/indoorski.de\/main\/wie-siehts-aus\/#primaryimage"},"image":{"@id":"https:\/\/indoorski.de\/main\/wie-siehts-aus\/#primaryimage"},"thumbnailUrl":"https:\/\/indoorski.de\/main\/wp-content\/uploads\/2022\/10\/1U2A1974-scaled.jpg","datePublished":"2022-10-08T19:01:45+00:00","dateModified":"2024-03-04T10:08:05+00:00","breadcrumb":{"@id":"https:\/\/indoorski.de\/main\/wie-siehts-aus\/#breadcrumb"},"inLanguage":"en-US","potentialAction":[{"@type":"ReadAction","target":["https:\/\/indoorski.de\/main\/wie-siehts-aus\/"]}]},{"@type":"ImageObject","inLanguage":"en-US","@id":"https:\/\/indoorski.de\/main\/wie-siehts-aus\/#primaryimage","url":"https:\/\/indoorski.de\/main\/wp-content\/uploads\/2022\/10\/1U2A1974-scaled.jpg","contentUrl":"https:\/\/indoorski.de\/main\/wp-content\/uploads\/2022\/10\/1U2A1974-scaled.jpg","width":2560,"height":1707},{"@type":"BreadcrumbList","@id":"https:\/\/indoorski.de\/main\/wie-siehts-aus\/#breadcrumb","itemListElement":[{"@type":"ListItem","position":1,"name":"Home","item":"https:\/\/indoorski.de\/main\/"},{"@type":"ListItem","position":2,"name":"Wie sieht&#8217;s aus?"}]},{"@type":"WebSite","@id":"https:\/\/indoorski.de\/main\/#website","url":"https:\/\/indoorski.de\/main\/","name":"Indoorski Deutschland","description":"Schneller lernen in der Skischule der Zukunft","publisher":{"@id":"https:\/\/indoorski.de\/main\/#organization"},"potentialAction":[{"@type":"SearchAction","target":{"@type":"EntryPoint","urlTemplate":"https:\/\/indoorski.de\/main\/?s={search_term_string}"},"query-input":{"@type":"PropertyValueSpecification","valueRequired":true,"valueName":"search_term_string"}}],"inLanguage":"en-US"},{"@type":"Organization","@id":"https:\/\/indoorski.de\/main\/#organization","name":"Indoorski Deutschland","url":"https:\/\/indoorski.de\/main\/","logo":{"@type":"ImageObject","inLanguage":"en-US","@id":"https:\/\/indoorski.de\/main\/#\/schema\/logo\/image\/","url":"https:\/\/indoorski.de\/main\/wp-content\/uploads\/2025\/05\/cropped-indoorski_deutschland_logo_948px-72ppi.jpg","contentUrl":"https:\/\/indoorski.de\/main\/wp-content\/uploads\/2025\/05\/cropped-indoorski_deutschland_logo_948px-72ppi.jpg","width":651,"height":250,"caption":"Indoorski Deutschland"},"image":{"@id":"https:\/\/indoorski.de\/main\/#\/schema\/logo\/image\/"}}]}},"_links":{"self":[{"href":"https:\/\/indoorski.de\/main\/wp-json\/wp\/v2\/pages\/81","targetHints":{"allow":["GET"]}}],"collection":[{"href":"https:\/\/indoorski.de\/main\/wp-json\/wp\/v2\/pages"}],"about":[{"href":"https:\/\/indoorski.de\/main\/wp-json\/wp\/v2\/types\/page"}],"author":[{"embeddable":true,"href":"https:\/\/indoorski.de\/main\/wp-json\/wp\/v2\/users\/1"}],"replies":[{"embeddable":true,"href":"https:\/\/indoorski.de\/main\/wp-json\/wp\/v2\/comments?post=81"}],"version-history":[{"count":14,"href":"https:\/\/indoorski.de\/main\/wp-json\/wp\/v2\/pages\/81\/revisions"}],"predecessor-version":[{"id":314,"href":"https:\/\/indoorski.de\/main\/wp-json\/wp\/v2\/pages\/81\/revisions\/314"}],"wp:featuredmedia":[{"embeddable":true,"href":"https:\/\/indoorski.de\/main\/wp-json\/wp\/v2\/media\/105"}],"wp:attachment":[{"href":"https:\/\/indoorski.de\/main\/wp-json\/wp\/v2\/media?parent=81"}],"curies":[{"name":"wp","href":"https:\/\/api.w.org\/{rel}","templated":true}]}}