{"id":24,"date":"2022-10-07T14:26:43","date_gmt":"2022-10-07T14:26:43","guid":{"rendered":"https:\/\/indoorski.de\/main\/?page_id=24"},"modified":"2024-03-07T13:48:28","modified_gmt":"2024-03-07T13:48:28","slug":"was-ist-ein-drehpiste","status":"publish","type":"page","link":"https:\/\/indoorski.de\/main\/was-ist-ein-drehpiste\/","title":{"rendered":"Was ist ein Drehpiste?"},"content":{"rendered":"\n<p><strong><em>Mehr Sicherheit, besser fahren!<\/em><\/strong><\/p>\n\n\n\n<p id=\"rollerband\">Nicht jeder hat direkten Zugang zu den Bergen. Das erschwert das Ski- bzw. Snowboardfahrenlernen, oder nicht? Durch den Einsatz einer Drehpiste wird Ski- bzw. Snowboardfahren ohne Berge und Schnee zum Greifen nah. Wir bringen die Berge zu Dir.<br>Wie funktioniert das?<\/p>\n\n\n\n<figure class=\"wp-block-image size-full\"><img loading=\"lazy\" decoding=\"async\" width=\"920\" height=\"572\" src=\"https:\/\/indoorski.de\/main\/wp-content\/uploads\/2022\/10\/Alpine-Revolving-Slope-0_Cropped.jpg\" alt=\"\" class=\"wp-image-42\" srcset=\"https:\/\/indoorski.de\/main\/wp-content\/uploads\/2022\/10\/Alpine-Revolving-Slope-0_Cropped.jpg 920w, https:\/\/indoorski.de\/main\/wp-content\/uploads\/2022\/10\/Alpine-Revolving-Slope-0_Cropped-300x187.jpg 300w, https:\/\/indoorski.de\/main\/wp-content\/uploads\/2022\/10\/Alpine-Revolving-Slope-0_Cropped-768x477.jpg 768w\" sizes=\"auto, (max-width: 767px) 89vw, (max-width: 1000px) 54vw, (max-width: 1071px) 543px, 580px\" \/><\/figure>\n\n\n\n<p>Die alpine Drehpiste ist ein gro\u00dfes, schr\u00e4g gestelltes F\u00f6rderband. Das Band mit Pole-Snow\u00ae (Skigras) bewegt sich nach oben, was die Gleitgeschwindigkeit auf der Piste erh\u00f6ht.<\/p>\n\n\n\n<h2 class=\"wp-block-heading\" id=\"features\">Features<\/h2>\n\n\n\n<p>Die alpine Drehpiste hat ein paar praktische Features, die das Skierlebnis komplett machen.<\/p>\n\n\n\n<figure class=\"wp-block-image size-full\"><img loading=\"lazy\" decoding=\"async\" width=\"720\" height=\"572\" src=\"https:\/\/indoorski.de\/main\/wp-content\/uploads\/2022\/10\/Alpine-Revolving-Slope-2-kopieren.jpg\" alt=\"\" class=\"wp-image-54\" srcset=\"https:\/\/indoorski.de\/main\/wp-content\/uploads\/2022\/10\/Alpine-Revolving-Slope-2-kopieren.jpg 720w, https:\/\/indoorski.de\/main\/wp-content\/uploads\/2022\/10\/Alpine-Revolving-Slope-2-kopieren-300x238.jpg 300w\" sizes=\"auto, (max-width: 720px) 100vw, 720px\" \/><\/figure>\n\n\n\n<ol class=\"wp-block-list\">\n<li>Die Maschine wird standardm\u00e4\u00dfig mit einem festen Winkel von 14 Grad geliefert. Optional kann der Winkel zwischen 10 und 18 Grad eingestellt werden.<\/li>\n\n\n\n<li>Sie ist mit einem h\u00f6henverstellbaren Frontbalken ausgestattet. Optional k\u00f6nnen zus\u00e4tzliche verstellbare Balken quer zum Hang platziert werden.<\/li>\n\n\n\n<li>Der Durchsichtspiegel bietet das perfekte Lernerlebnis. W\u00e4hrend die Teilnehmer ihre Bewegungen im Spiegel sehen k\u00f6nnen, kann das Publikum hinter dem Spiegel zuschauen.<\/li>\n<\/ol>\n\n\n\n<h2 class=\"wp-block-heading\" id=\"sicherheit\">Sicherheit<\/h2>\n\n\n\n<p>Sicherheit ist uns extrem wichtig. Aus diesem Grund verf\u00fcgt die Skimaschine \u00fcber High-Tech-Sicherheitsfunktionen.<\/p>\n\n\n\n<figure class=\"wp-block-image size-full\"><img loading=\"lazy\" decoding=\"async\" width=\"944\" height=\"497\" src=\"https:\/\/indoorski.de\/main\/wp-content\/uploads\/2022\/10\/Alpine-Revolving-Slope-3_bare.jpg\" alt=\"\" class=\"wp-image-59\" srcset=\"https:\/\/indoorski.de\/main\/wp-content\/uploads\/2022\/10\/Alpine-Revolving-Slope-3_bare.jpg 944w, https:\/\/indoorski.de\/main\/wp-content\/uploads\/2022\/10\/Alpine-Revolving-Slope-3_bare-300x158.jpg 300w, https:\/\/indoorski.de\/main\/wp-content\/uploads\/2022\/10\/Alpine-Revolving-Slope-3_bare-768x404.jpg 768w\" sizes=\"auto, (max-width: 767px) 89vw, (max-width: 1000px) 54vw, (max-width: 1071px) 543px, 580px\" \/><\/figure>\n\n\n\n<ol class=\"wp-block-list\">\n<li>Oben am Hang befindet sich ein Erkennungssensor. Wenn der Sensor eine Bewegung erkennt, stoppt das Band automatisch.<\/li>\n\n\n\n<li>Die Zugschnur um die Schr\u00e4ge gibt zus\u00e4tzliche Sicherheit. Durch Ber\u00fchren der Schnur stoppt das Band.<\/li>\n\n\n\n<li>Der Ski- bzw. Snowboardlehrer verf\u00fcgt zus\u00e4tzlich \u00fcber Handfernbedienung mit Schnellstopp-Taste.<\/li>\n\n\n\n<li>Au\u00dferdem gibt es eine Steuerbox mit Touchscreen und Not-Aus.<\/li>\n<\/ol>\n\n\n\n<h2 class=\"wp-block-heading\" id=\"snowboard\">Das Snowboarderlebnis<\/h2>\n\n\n\n<p>Das sich nach oben bewegende Skigras simuliert den Hang, der unter Ihnen hinwegbewegt. Durch Gegendruck k\u00f6nnen Sie nach links und rechts gleiten.<\/p>\n\n\n\n<figure class=\"wp-block-image size-full\"><img loading=\"lazy\" decoding=\"async\" width=\"985\" height=\"450\" src=\"https:\/\/indoorski.de\/main\/wp-content\/uploads\/2022\/10\/snowboarding0-1.jpg\" alt=\"\" class=\"wp-image-71\" srcset=\"https:\/\/indoorski.de\/main\/wp-content\/uploads\/2022\/10\/snowboarding0-1.jpg 985w, https:\/\/indoorski.de\/main\/wp-content\/uploads\/2022\/10\/snowboarding0-1-300x137.jpg 300w, https:\/\/indoorski.de\/main\/wp-content\/uploads\/2022\/10\/snowboarding0-1-768x351.jpg 768w\" sizes=\"auto, (max-width: 767px) 89vw, (max-width: 1000px) 54vw, (max-width: 1071px) 543px, 580px\" \/><\/figure>\n\n\n\n<ol class=\"wp-block-list\">\n<li>Auf das Band kann eine Rampe gelegt werden, um Freestyle-Tricks zu \u00fcben. Der Unterricht kann so jedem Niveau angepasst werden.<\/li>\n<\/ol>\n\n\n\n<figure class=\"wp-block-image size-full\"><img loading=\"lazy\" decoding=\"async\" width=\"760\" height=\"182\" src=\"https:\/\/indoorski.de\/main\/wp-content\/uploads\/2022\/10\/snowboarding.jpg\" alt=\"\" class=\"wp-image-56\" srcset=\"https:\/\/indoorski.de\/main\/wp-content\/uploads\/2022\/10\/snowboarding.jpg 760w, https:\/\/indoorski.de\/main\/wp-content\/uploads\/2022\/10\/snowboarding-300x72.jpg 300w\" sizes=\"auto, (max-width: 706px) 89vw, (max-width: 767px) 82vw, 740px\" \/><\/figure>\n\n\n\n<h2 class=\"wp-block-heading\" id=\"ski\">Das Skierlebnis<\/h2>\n\n\n\n<p>Das sich nach oben bewegende Skigras simuliert den Hang, der sich unter Ihnen hinwegbewegt. Durch Gegendruck k\u00f6nnen Sie nach links und rechts gleiten.<\/p>\n\n\n\n<p>Die Skimaschine erm\u00f6glicht es dem Lehrer, 3 Sch\u00fcler gleichzeitig zu trainieren.<\/p>\n\n\n\n<figure class=\"wp-block-image size-large\"><img loading=\"lazy\" decoding=\"async\" width=\"1024\" height=\"432\" src=\"https:\/\/indoorski.de\/main\/wp-content\/uploads\/2022\/10\/Alpine-Revolving-Slope-5_bare-1024x432.jpg\" alt=\"\" class=\"wp-image-64\" srcset=\"https:\/\/indoorski.de\/main\/wp-content\/uploads\/2022\/10\/Alpine-Revolving-Slope-5_bare-1024x432.jpg 1024w, https:\/\/indoorski.de\/main\/wp-content\/uploads\/2022\/10\/Alpine-Revolving-Slope-5_bare-300x127.jpg 300w, https:\/\/indoorski.de\/main\/wp-content\/uploads\/2022\/10\/Alpine-Revolving-Slope-5_bare-768x324.jpg 768w, https:\/\/indoorski.de\/main\/wp-content\/uploads\/2022\/10\/Alpine-Revolving-Slope-5_bare.jpg 1085w\" sizes=\"auto, (max-width: 767px) 89vw, (max-width: 1000px) 54vw, (max-width: 1071px) 543px, 580px\" \/><\/figure>\n\n\n\n<p>Der Unterricht kann jedem Niveau angepasst werden.<\/p>\n\n\n\n<figure class=\"wp-block-image size-full\"><img loading=\"lazy\" decoding=\"async\" width=\"680\" height=\"173\" src=\"https:\/\/indoorski.de\/main\/wp-content\/uploads\/2022\/10\/Skiing0.jpg\" alt=\"\" class=\"wp-image-65\" srcset=\"https:\/\/indoorski.de\/main\/wp-content\/uploads\/2022\/10\/Skiing0.jpg 680w, https:\/\/indoorski.de\/main\/wp-content\/uploads\/2022\/10\/Skiing0-300x76.jpg 300w\" sizes=\"auto, (max-width: 680px) 100vw, 680px\" \/><\/figure>\n\n\n\n<h2 class=\"wp-block-heading\" id=\"ausbilder\">Der Ausbilder (m\/w\/d) und n\u00fctzliche Tools<\/h2>\n\n\n\n<p>Einer der gr\u00f6\u00dften Vorteile der Drehpiste ist, dass der Lehrer den Sch\u00fcler von verschiedenen Stellen unterst\u00fctzen kann.<\/p>\n\n\n\n<figure class=\"wp-block-image size-full\"><img loading=\"lazy\" decoding=\"async\" width=\"1003\" height=\"559\" src=\"https:\/\/indoorski.de\/main\/wp-content\/uploads\/2022\/10\/Alpine-Revolving-Slope-6_bare.jpg\" alt=\"\" class=\"wp-image-68\" srcset=\"https:\/\/indoorski.de\/main\/wp-content\/uploads\/2022\/10\/Alpine-Revolving-Slope-6_bare.jpg 1003w, https:\/\/indoorski.de\/main\/wp-content\/uploads\/2022\/10\/Alpine-Revolving-Slope-6_bare-300x167.jpg 300w, https:\/\/indoorski.de\/main\/wp-content\/uploads\/2022\/10\/Alpine-Revolving-Slope-6_bare-768x428.jpg 768w\" sizes=\"auto, (max-width: 767px) 89vw, (max-width: 1000px) 54vw, (max-width: 1071px) 543px, 580px\" \/><\/figure>\n\n\n\n<ol class=\"wp-block-list\">\n<li>Lehrerposition\n<ul class=\"wp-block-list\">\n<li>Der Lehrer kann um die Piste herumgehen, um jedem Sch\u00fcler von dort aus spezifische Anweisungen zu geben.<\/li>\n\n\n\n<li>Der Lehrer kann die Piste betreten, um den Sch\u00fclern Bewegungen vorzumachen.<\/li>\n\n\n\n<li>Der Lehrer kann vor dem Hang stehen, um allgemeine und individuelle Anweisungen zu geben.<\/li>\n<\/ul>\n<\/li>\n\n\n\n<li>Der Lehrer hat \u00fcber die Fernbedienung die vollst\u00e4ndige Kontrolle. Falls der Sch\u00fcler das Gleichgewicht verliert, dr\u00fcckt er oder sie die Schnellstopptaste.<\/li>\n\n\n\n<li>Mit einer Sprinkleranlage kann die Piste f\u00fcr optimales Gleiten feucht gehalten werden.<\/li>\n\n\n\n<li>Die Geschwindigkeit wird \u00fcber Tasten auf der Fernbedienung und der Steuerbox gesteuert.<\/li>\n<\/ol>\n","protected":false},"excerpt":{"rendered":"<p>Mehr Sicherheit, besser fahren! Nicht jeder hat direkten Zugang zu den Bergen. Das erschwert das Ski- bzw. Snowboardfahrenlernen, oder nicht? Durch den Einsatz einer Drehpiste wird Ski- bzw. Snowboardfahren ohne Berge und Schnee zum Greifen nah. Wir bringen die Berge zu Dir.Wie funktioniert das? Die alpine Drehpiste ist ein gro\u00dfes, schr\u00e4g gestelltes F\u00f6rderband. Das Band &hellip; <\/p>\n<p class=\"link-more\"><a href=\"https:\/\/indoorski.de\/main\/was-ist-ein-drehpiste\/\" class=\"more-link\">Continue reading<span class=\"screen-reader-text\"> &#8220;Was ist ein Drehpiste?&#8221;<\/span><\/a><\/p>\n","protected":false},"author":1,"featured_media":0,"parent":0,"menu_order":0,"comment_status":"closed","ping_status":"closed","template":"","meta":{"footnotes":""},"class_list":["post-24","page","type-page","status-publish","hentry"],"yoast_head":"<!-- This site is optimized with the Yoast SEO plugin v24.9 - https:\/\/yoast.com\/wordpress\/plugins\/seo\/ -->\n<title>Was ist ein Drehpiste? - Indoorski Deutschland<\/title>\n<meta name=\"robots\" content=\"index, follow, max-snippet:-1, max-image-preview:large, max-video-preview:-1\" \/>\n<link rel=\"canonical\" href=\"https:\/\/indoorski.de\/main\/was-ist-ein-drehpiste\/\" \/>\n<meta property=\"og:locale\" content=\"en_US\" \/>\n<meta property=\"og:type\" content=\"article\" \/>\n<meta property=\"og:title\" content=\"Was ist ein Drehpiste? - Indoorski Deutschland\" \/>\n<meta property=\"og:description\" content=\"Mehr Sicherheit, besser fahren! Nicht jeder hat direkten Zugang zu den Bergen. Das erschwert das Ski- bzw. Snowboardfahrenlernen, oder nicht? Durch den Einsatz einer Drehpiste wird Ski- bzw. Snowboardfahren ohne Berge und Schnee zum Greifen nah. Wir bringen die Berge zu Dir.Wie funktioniert das? Die alpine Drehpiste ist ein gro\u00dfes, schr\u00e4g gestelltes F\u00f6rderband. Das Band &hellip; Continue reading &quot;Was ist ein Drehpiste?&quot;\" \/>\n<meta property=\"og:url\" content=\"https:\/\/indoorski.de\/main\/was-ist-ein-drehpiste\/\" \/>\n<meta property=\"og:site_name\" content=\"Indoorski Deutschland\" \/>\n<meta property=\"article:modified_time\" content=\"2024-03-07T13:48:28+00:00\" \/>\n<meta property=\"og:image\" content=\"https:\/\/indoorski.de\/main\/wp-content\/uploads\/2022\/10\/Alpine-Revolving-Slope-0_Cropped.jpg\" \/>\n<meta name=\"twitter:card\" content=\"summary_large_image\" \/>\n<meta name=\"twitter:label1\" content=\"Est. reading time\" \/>\n\t<meta name=\"twitter:data1\" content=\"4 minutes\" \/>\n<script type=\"application\/ld+json\" class=\"yoast-schema-graph\">{\"@context\":\"https:\/\/schema.org\",\"@graph\":[{\"@type\":\"WebPage\",\"@id\":\"https:\/\/indoorski.de\/main\/was-ist-ein-drehpiste\/\",\"url\":\"https:\/\/indoorski.de\/main\/was-ist-ein-drehpiste\/\",\"name\":\"Was ist ein Drehpiste? - Indoorski Deutschland\",\"isPartOf\":{\"@id\":\"https:\/\/indoorski.de\/main\/#website\"},\"primaryImageOfPage\":{\"@id\":\"https:\/\/indoorski.de\/main\/was-ist-ein-drehpiste\/#primaryimage\"},\"image\":{\"@id\":\"https:\/\/indoorski.de\/main\/was-ist-ein-drehpiste\/#primaryimage\"},\"thumbnailUrl\":\"https:\/\/indoorski.de\/main\/wp-content\/uploads\/2022\/10\/Alpine-Revolving-Slope-0_Cropped.jpg\",\"datePublished\":\"2022-10-07T14:26:43+00:00\",\"dateModified\":\"2024-03-07T13:48:28+00:00\",\"breadcrumb\":{\"@id\":\"https:\/\/indoorski.de\/main\/was-ist-ein-drehpiste\/#breadcrumb\"},\"inLanguage\":\"en-US\",\"potentialAction\":[{\"@type\":\"ReadAction\",\"target\":[\"https:\/\/indoorski.de\/main\/was-ist-ein-drehpiste\/\"]}]},{\"@type\":\"ImageObject\",\"inLanguage\":\"en-US\",\"@id\":\"https:\/\/indoorski.de\/main\/was-ist-ein-drehpiste\/#primaryimage\",\"url\":\"https:\/\/indoorski.de\/main\/wp-content\/uploads\/2022\/10\/Alpine-Revolving-Slope-0_Cropped.jpg\",\"contentUrl\":\"https:\/\/indoorski.de\/main\/wp-content\/uploads\/2022\/10\/Alpine-Revolving-Slope-0_Cropped.jpg\",\"width\":920,\"height\":572,\"caption\":\"Das Skigrass\"},{\"@type\":\"BreadcrumbList\",\"@id\":\"https:\/\/indoorski.de\/main\/was-ist-ein-drehpiste\/#breadcrumb\",\"itemListElement\":[{\"@type\":\"ListItem\",\"position\":1,\"name\":\"Home\",\"item\":\"https:\/\/indoorski.de\/main\/\"},{\"@type\":\"ListItem\",\"position\":2,\"name\":\"Was ist ein Drehpiste?\"}]},{\"@type\":\"WebSite\",\"@id\":\"https:\/\/indoorski.de\/main\/#website\",\"url\":\"https:\/\/indoorski.de\/main\/\",\"name\":\"Indoorski Deutschland\",\"description\":\"Schneller lernen in der Skischule der Zukunft\",\"publisher\":{\"@id\":\"https:\/\/indoorski.de\/main\/#organization\"},\"potentialAction\":[{\"@type\":\"SearchAction\",\"target\":{\"@type\":\"EntryPoint\",\"urlTemplate\":\"https:\/\/indoorski.de\/main\/?s={search_term_string}\"},\"query-input\":{\"@type\":\"PropertyValueSpecification\",\"valueRequired\":true,\"valueName\":\"search_term_string\"}}],\"inLanguage\":\"en-US\"},{\"@type\":\"Organization\",\"@id\":\"https:\/\/indoorski.de\/main\/#organization\",\"name\":\"Indoorski Deutschland\",\"url\":\"https:\/\/indoorski.de\/main\/\",\"logo\":{\"@type\":\"ImageObject\",\"inLanguage\":\"en-US\",\"@id\":\"https:\/\/indoorski.de\/main\/#\/schema\/logo\/image\/\",\"url\":\"https:\/\/indoorski.de\/main\/wp-content\/uploads\/2025\/05\/cropped-indoorski_deutschland_logo_948px-72ppi.jpg\",\"contentUrl\":\"https:\/\/indoorski.de\/main\/wp-content\/uploads\/2025\/05\/cropped-indoorski_deutschland_logo_948px-72ppi.jpg\",\"width\":651,\"height\":250,\"caption\":\"Indoorski Deutschland\"},\"image\":{\"@id\":\"https:\/\/indoorski.de\/main\/#\/schema\/logo\/image\/\"}}]}<\/script>\n<!-- \/ Yoast SEO plugin. -->","yoast_head_json":{"title":"Was ist ein Drehpiste? - Indoorski Deutschland","robots":{"index":"index","follow":"follow","max-snippet":"max-snippet:-1","max-image-preview":"max-image-preview:large","max-video-preview":"max-video-preview:-1"},"canonical":"https:\/\/indoorski.de\/main\/was-ist-ein-drehpiste\/","og_locale":"en_US","og_type":"article","og_title":"Was ist ein Drehpiste? - Indoorski Deutschland","og_description":"Mehr Sicherheit, besser fahren! Nicht jeder hat direkten Zugang zu den Bergen. Das erschwert das Ski- bzw. Snowboardfahrenlernen, oder nicht? Durch den Einsatz einer Drehpiste wird Ski- bzw. Snowboardfahren ohne Berge und Schnee zum Greifen nah. Wir bringen die Berge zu Dir.Wie funktioniert das? Die alpine Drehpiste ist ein gro\u00dfes, schr\u00e4g gestelltes F\u00f6rderband. Das Band &hellip; Continue reading \"Was ist ein Drehpiste?\"","og_url":"https:\/\/indoorski.de\/main\/was-ist-ein-drehpiste\/","og_site_name":"Indoorski Deutschland","article_modified_time":"2024-03-07T13:48:28+00:00","og_image":[{"url":"https:\/\/indoorski.de\/main\/wp-content\/uploads\/2022\/10\/Alpine-Revolving-Slope-0_Cropped.jpg","type":"","width":"","height":""}],"twitter_card":"summary_large_image","twitter_misc":{"Est. reading time":"4 minutes"},"schema":{"@context":"https:\/\/schema.org","@graph":[{"@type":"WebPage","@id":"https:\/\/indoorski.de\/main\/was-ist-ein-drehpiste\/","url":"https:\/\/indoorski.de\/main\/was-ist-ein-drehpiste\/","name":"Was ist ein Drehpiste? - Indoorski Deutschland","isPartOf":{"@id":"https:\/\/indoorski.de\/main\/#website"},"primaryImageOfPage":{"@id":"https:\/\/indoorski.de\/main\/was-ist-ein-drehpiste\/#primaryimage"},"image":{"@id":"https:\/\/indoorski.de\/main\/was-ist-ein-drehpiste\/#primaryimage"},"thumbnailUrl":"https:\/\/indoorski.de\/main\/wp-content\/uploads\/2022\/10\/Alpine-Revolving-Slope-0_Cropped.jpg","datePublished":"2022-10-07T14:26:43+00:00","dateModified":"2024-03-07T13:48:28+00:00","breadcrumb":{"@id":"https:\/\/indoorski.de\/main\/was-ist-ein-drehpiste\/#breadcrumb"},"inLanguage":"en-US","potentialAction":[{"@type":"ReadAction","target":["https:\/\/indoorski.de\/main\/was-ist-ein-drehpiste\/"]}]},{"@type":"ImageObject","inLanguage":"en-US","@id":"https:\/\/indoorski.de\/main\/was-ist-ein-drehpiste\/#primaryimage","url":"https:\/\/indoorski.de\/main\/wp-content\/uploads\/2022\/10\/Alpine-Revolving-Slope-0_Cropped.jpg","contentUrl":"https:\/\/indoorski.de\/main\/wp-content\/uploads\/2022\/10\/Alpine-Revolving-Slope-0_Cropped.jpg","width":920,"height":572,"caption":"Das Skigrass"},{"@type":"BreadcrumbList","@id":"https:\/\/indoorski.de\/main\/was-ist-ein-drehpiste\/#breadcrumb","itemListElement":[{"@type":"ListItem","position":1,"name":"Home","item":"https:\/\/indoorski.de\/main\/"},{"@type":"ListItem","position":2,"name":"Was ist ein Drehpiste?"}]},{"@type":"WebSite","@id":"https:\/\/indoorski.de\/main\/#website","url":"https:\/\/indoorski.de\/main\/","name":"Indoorski Deutschland","description":"Schneller lernen in der Skischule der Zukunft","publisher":{"@id":"https:\/\/indoorski.de\/main\/#organization"},"potentialAction":[{"@type":"SearchAction","target":{"@type":"EntryPoint","urlTemplate":"https:\/\/indoorski.de\/main\/?s={search_term_string}"},"query-input":{"@type":"PropertyValueSpecification","valueRequired":true,"valueName":"search_term_string"}}],"inLanguage":"en-US"},{"@type":"Organization","@id":"https:\/\/indoorski.de\/main\/#organization","name":"Indoorski Deutschland","url":"https:\/\/indoorski.de\/main\/","logo":{"@type":"ImageObject","inLanguage":"en-US","@id":"https:\/\/indoorski.de\/main\/#\/schema\/logo\/image\/","url":"https:\/\/indoorski.de\/main\/wp-content\/uploads\/2025\/05\/cropped-indoorski_deutschland_logo_948px-72ppi.jpg","contentUrl":"https:\/\/indoorski.de\/main\/wp-content\/uploads\/2025\/05\/cropped-indoorski_deutschland_logo_948px-72ppi.jpg","width":651,"height":250,"caption":"Indoorski Deutschland"},"image":{"@id":"https:\/\/indoorski.de\/main\/#\/schema\/logo\/image\/"}}]}},"_links":{"self":[{"href":"https:\/\/indoorski.de\/main\/wp-json\/wp\/v2\/pages\/24","targetHints":{"allow":["GET"]}}],"collection":[{"href":"https:\/\/indoorski.de\/main\/wp-json\/wp\/v2\/pages"}],"about":[{"href":"https:\/\/indoorski.de\/main\/wp-json\/wp\/v2\/types\/page"}],"author":[{"embeddable":true,"href":"https:\/\/indoorski.de\/main\/wp-json\/wp\/v2\/users\/1"}],"replies":[{"embeddable":true,"href":"https:\/\/indoorski.de\/main\/wp-json\/wp\/v2\/comments?post=24"}],"version-history":[{"count":28,"href":"https:\/\/indoorski.de\/main\/wp-json\/wp\/v2\/pages\/24\/revisions"}],"predecessor-version":[{"id":340,"href":"https:\/\/indoorski.de\/main\/wp-json\/wp\/v2\/pages\/24\/revisions\/340"}],"wp:attachment":[{"href":"https:\/\/indoorski.de\/main\/wp-json\/wp\/v2\/media?parent=24"}],"curies":[{"name":"wp","href":"https:\/\/api.w.org\/{rel}","templated":true}]}}