{"id":187,"date":"2022-11-22T14:29:09","date_gmt":"2022-11-22T14:29:09","guid":{"rendered":"https:\/\/indoorski.de\/main\/?page_id=187"},"modified":"2024-03-04T10:10:58","modified_gmt":"2024-03-04T10:10:58","slug":"wie-funktioniert-es","status":"publish","type":"page","link":"https:\/\/indoorski.de\/main\/wie-funktioniert-es\/","title":{"rendered":"Wie funktioniert&#8217;s?"},"content":{"rendered":"\n<h2 class=\"wp-block-heading\">Fahren auf der Drehpiste<\/h2>\n\n\n\n<p>Auf einer Drehpiste k\u00f6nnen maximal 3 Teilnehmer gleichzeitig fahren. Jede Drehpiste ist in ihrer Steigung und Geschwindigkeit verstellbar, sodass f\u00fcr jeden Teilnehmer eine Herausforderung geschaffen werden kann.<\/p>\n\n\n\n<p>Vor jeder Drehpiste befindet sich ein Spiegel, indem Du deine eigenen Bewegungen verfolgen kannst.<\/p>\n\n\n\n<p>Da der Ski- bzw. Snowboardlehrer nur wenige Meter entfernt steht, wird Dir ein sehr pr\u00e4zises Feedback gegeben.<\/p>\n\n\n\n<p>Eine Lektion dauert 60 Minuten. Weil das Fahren auf solch einer endlosen Abfahrt sehr anstrengend ist, bilden wir zwei Gruppen von jeweils maximal drei Teilnehmern. Diese beiden Gruppen fahren abwechselnd 10 Minuten am St\u00fcck, sodass jeder Teilnehmer 30 Minuten Ski- oder Snowboard f\u00e4hrt.<\/p>\n\n\n\n<h2 class=\"wp-block-heading\">Ausr\u00fcstung<\/h2>\n\n\n\n<ul class=\"wp-block-list\">\n<li>Wir empfehlen Dir eine d\u00fcnne Skihose oder Jeans sowie eine Trainingsjacke. Shorts werden nicht empfohlen.<\/li>\n\n\n\n<li>Die Temperatur in der Halle ist etwas abh\u00e4ngig von der Au\u00dfentemperatur. An kalten Tagen ist es sinnvoll, eine Jacke f\u00fcr die Zeit mitzunehmen, in der die andere Gruppe Ski- bzw. Snowboard f\u00e4hrt.<\/li>\n\n\n\n<li>Saubere (Ski-)Socken sind bei der Verwendung unserer Ski-\/Snowboardschuhe Pflicht.<\/li>\n\n\n\n<li>Ausr\u00fcstung wie Ski\/Snowboard und Schuhe sind in der Kursgeb\u00fchr enthalten. Wenn Du aber eigene Ski- oder Snowboardschuhe hast, empfehlen wir Dir, diese mitzubringen.<\/li>\n\n\n\n<li>Eigene Skier\/Snowboards d\u00fcrfen auf der Strecke nicht verwendet werden.<\/li>\n\n\n\n<li>Es wird dringend empfohlen, auf der Bahn einen Helm zu tragen. Diese werden gegen eine geringe Leihgeb\u00fchr zur Verf\u00fcgung gestellt. Wir bitten Dich aber, m\u00f6glichst einen eigenen Helm mitzubringen (bestm\u00f6glich einen Skihelm, andere leichte Helme wie Fahrradhelme sind aber auch m\u00f6glich).<\/li>\n<\/ul>\n\n\n\n<h2 class=\"wp-block-heading\">Kinderunterricht<\/h2>\n\n\n\n<p>Ab 4 Jahren (manchmal auch etwas j\u00fcnger) kann an unserem Skiunterricht teilgenommen werden. F\u00fcr die Kleinen nutzen wir andere Organisationsformen. Sie lernen spielerisch das Ski- bzw. Snowboardfahren. Zum Beispiel d\u00fcrfen sie auf Skiern Fangen spielen und am Ende der Lektion Schlittenfahren.<\/p>\n\n\n\n<p>Auf der Drehpiste sollte man sich immer m\u00f6glichst auf einer Stelle bewegt werden. Weil das Bremsen und Kurvenfahren Anf\u00e4nger-, Klein- und Vorschulkindern oft schon schwer genug f\u00e4llt, lassen wir sie abwechselnd von oben nach unten fahren. Dabei erh\u00e4lt das Kind Anweisungen, um sowohl Erfahrung als auch Technik zu verbessern.<br>Kann das Kind eine Zeit lang auf der Piste bleiben ohne nach unten zu rutschen, hat es sich ein echtes Skidiplom verdient!<\/p>\n","protected":false},"excerpt":{"rendered":"<p>Fahren auf der Drehpiste Auf einer Drehpiste k\u00f6nnen maximal 3 Teilnehmer gleichzeitig fahren. Jede Drehpiste ist in ihrer Steigung und Geschwindigkeit verstellbar, sodass f\u00fcr jeden Teilnehmer eine Herausforderung geschaffen werden kann. Vor jeder Drehpiste befindet sich ein Spiegel, indem Du deine eigenen Bewegungen verfolgen kannst. Da der Ski- bzw. Snowboardlehrer nur wenige Meter entfernt steht, &hellip; <\/p>\n<p class=\"link-more\"><a href=\"https:\/\/indoorski.de\/main\/wie-funktioniert-es\/\" class=\"more-link\">Continue reading<span class=\"screen-reader-text\"> &#8220;Wie funktioniert&#8217;s?&#8221;<\/span><\/a><\/p>\n","protected":false},"author":1,"featured_media":0,"parent":0,"menu_order":0,"comment_status":"closed","ping_status":"closed","template":"","meta":{"footnotes":""},"class_list":["post-187","page","type-page","status-publish","hentry"],"yoast_head":"<!-- This site is optimized with the Yoast SEO plugin v24.9 - https:\/\/yoast.com\/wordpress\/plugins\/seo\/ -->\n<title>Wie funktioniert&#039;s? - Indoorski Deutschland<\/title>\n<meta name=\"robots\" content=\"index, follow, max-snippet:-1, max-image-preview:large, max-video-preview:-1\" \/>\n<link rel=\"canonical\" href=\"https:\/\/indoorski.de\/main\/wie-funktioniert-es\/\" \/>\n<meta property=\"og:locale\" content=\"en_US\" \/>\n<meta property=\"og:type\" content=\"article\" \/>\n<meta property=\"og:title\" content=\"Wie funktioniert&#039;s? - Indoorski Deutschland\" \/>\n<meta property=\"og:description\" content=\"Fahren auf der Drehpiste Auf einer Drehpiste k\u00f6nnen maximal 3 Teilnehmer gleichzeitig fahren. Jede Drehpiste ist in ihrer Steigung und Geschwindigkeit verstellbar, sodass f\u00fcr jeden Teilnehmer eine Herausforderung geschaffen werden kann. Vor jeder Drehpiste befindet sich ein Spiegel, indem Du deine eigenen Bewegungen verfolgen kannst. Da der Ski- bzw. Snowboardlehrer nur wenige Meter entfernt steht, &hellip; Continue reading &quot;Wie funktioniert&#8217;s?&quot;\" \/>\n<meta property=\"og:url\" content=\"https:\/\/indoorski.de\/main\/wie-funktioniert-es\/\" \/>\n<meta property=\"og:site_name\" content=\"Indoorski Deutschland\" \/>\n<meta property=\"article:modified_time\" content=\"2024-03-04T10:10:58+00:00\" \/>\n<meta name=\"twitter:card\" content=\"summary_large_image\" \/>\n<meta name=\"twitter:label1\" content=\"Est. reading time\" \/>\n\t<meta name=\"twitter:data1\" content=\"2 minutes\" \/>\n<script type=\"application\/ld+json\" class=\"yoast-schema-graph\">{\"@context\":\"https:\/\/schema.org\",\"@graph\":[{\"@type\":\"WebPage\",\"@id\":\"https:\/\/indoorski.de\/main\/wie-funktioniert-es\/\",\"url\":\"https:\/\/indoorski.de\/main\/wie-funktioniert-es\/\",\"name\":\"Wie funktioniert's? - Indoorski Deutschland\",\"isPartOf\":{\"@id\":\"https:\/\/indoorski.de\/main\/#website\"},\"datePublished\":\"2022-11-22T14:29:09+00:00\",\"dateModified\":\"2024-03-04T10:10:58+00:00\",\"breadcrumb\":{\"@id\":\"https:\/\/indoorski.de\/main\/wie-funktioniert-es\/#breadcrumb\"},\"inLanguage\":\"en-US\",\"potentialAction\":[{\"@type\":\"ReadAction\",\"target\":[\"https:\/\/indoorski.de\/main\/wie-funktioniert-es\/\"]}]},{\"@type\":\"BreadcrumbList\",\"@id\":\"https:\/\/indoorski.de\/main\/wie-funktioniert-es\/#breadcrumb\",\"itemListElement\":[{\"@type\":\"ListItem\",\"position\":1,\"name\":\"Home\",\"item\":\"https:\/\/indoorski.de\/main\/\"},{\"@type\":\"ListItem\",\"position\":2,\"name\":\"Wie funktioniert&#8217;s?\"}]},{\"@type\":\"WebSite\",\"@id\":\"https:\/\/indoorski.de\/main\/#website\",\"url\":\"https:\/\/indoorski.de\/main\/\",\"name\":\"Indoorski Deutschland\",\"description\":\"Schneller lernen in der Skischule der Zukunft\",\"publisher\":{\"@id\":\"https:\/\/indoorski.de\/main\/#organization\"},\"potentialAction\":[{\"@type\":\"SearchAction\",\"target\":{\"@type\":\"EntryPoint\",\"urlTemplate\":\"https:\/\/indoorski.de\/main\/?s={search_term_string}\"},\"query-input\":{\"@type\":\"PropertyValueSpecification\",\"valueRequired\":true,\"valueName\":\"search_term_string\"}}],\"inLanguage\":\"en-US\"},{\"@type\":\"Organization\",\"@id\":\"https:\/\/indoorski.de\/main\/#organization\",\"name\":\"Indoorski Deutschland\",\"url\":\"https:\/\/indoorski.de\/main\/\",\"logo\":{\"@type\":\"ImageObject\",\"inLanguage\":\"en-US\",\"@id\":\"https:\/\/indoorski.de\/main\/#\/schema\/logo\/image\/\",\"url\":\"https:\/\/indoorski.de\/main\/wp-content\/uploads\/2025\/05\/cropped-indoorski_deutschland_logo_948px-72ppi.jpg\",\"contentUrl\":\"https:\/\/indoorski.de\/main\/wp-content\/uploads\/2025\/05\/cropped-indoorski_deutschland_logo_948px-72ppi.jpg\",\"width\":651,\"height\":250,\"caption\":\"Indoorski Deutschland\"},\"image\":{\"@id\":\"https:\/\/indoorski.de\/main\/#\/schema\/logo\/image\/\"}}]}<\/script>\n<!-- \/ Yoast SEO plugin. -->","yoast_head_json":{"title":"Wie funktioniert's? - Indoorski Deutschland","robots":{"index":"index","follow":"follow","max-snippet":"max-snippet:-1","max-image-preview":"max-image-preview:large","max-video-preview":"max-video-preview:-1"},"canonical":"https:\/\/indoorski.de\/main\/wie-funktioniert-es\/","og_locale":"en_US","og_type":"article","og_title":"Wie funktioniert's? - Indoorski Deutschland","og_description":"Fahren auf der Drehpiste Auf einer Drehpiste k\u00f6nnen maximal 3 Teilnehmer gleichzeitig fahren. Jede Drehpiste ist in ihrer Steigung und Geschwindigkeit verstellbar, sodass f\u00fcr jeden Teilnehmer eine Herausforderung geschaffen werden kann. Vor jeder Drehpiste befindet sich ein Spiegel, indem Du deine eigenen Bewegungen verfolgen kannst. Da der Ski- bzw. Snowboardlehrer nur wenige Meter entfernt steht, &hellip; Continue reading \"Wie funktioniert&#8217;s?\"","og_url":"https:\/\/indoorski.de\/main\/wie-funktioniert-es\/","og_site_name":"Indoorski Deutschland","article_modified_time":"2024-03-04T10:10:58+00:00","twitter_card":"summary_large_image","twitter_misc":{"Est. reading time":"2 minutes"},"schema":{"@context":"https:\/\/schema.org","@graph":[{"@type":"WebPage","@id":"https:\/\/indoorski.de\/main\/wie-funktioniert-es\/","url":"https:\/\/indoorski.de\/main\/wie-funktioniert-es\/","name":"Wie funktioniert's? - Indoorski Deutschland","isPartOf":{"@id":"https:\/\/indoorski.de\/main\/#website"},"datePublished":"2022-11-22T14:29:09+00:00","dateModified":"2024-03-04T10:10:58+00:00","breadcrumb":{"@id":"https:\/\/indoorski.de\/main\/wie-funktioniert-es\/#breadcrumb"},"inLanguage":"en-US","potentialAction":[{"@type":"ReadAction","target":["https:\/\/indoorski.de\/main\/wie-funktioniert-es\/"]}]},{"@type":"BreadcrumbList","@id":"https:\/\/indoorski.de\/main\/wie-funktioniert-es\/#breadcrumb","itemListElement":[{"@type":"ListItem","position":1,"name":"Home","item":"https:\/\/indoorski.de\/main\/"},{"@type":"ListItem","position":2,"name":"Wie funktioniert&#8217;s?"}]},{"@type":"WebSite","@id":"https:\/\/indoorski.de\/main\/#website","url":"https:\/\/indoorski.de\/main\/","name":"Indoorski Deutschland","description":"Schneller lernen in der Skischule der Zukunft","publisher":{"@id":"https:\/\/indoorski.de\/main\/#organization"},"potentialAction":[{"@type":"SearchAction","target":{"@type":"EntryPoint","urlTemplate":"https:\/\/indoorski.de\/main\/?s={search_term_string}"},"query-input":{"@type":"PropertyValueSpecification","valueRequired":true,"valueName":"search_term_string"}}],"inLanguage":"en-US"},{"@type":"Organization","@id":"https:\/\/indoorski.de\/main\/#organization","name":"Indoorski Deutschland","url":"https:\/\/indoorski.de\/main\/","logo":{"@type":"ImageObject","inLanguage":"en-US","@id":"https:\/\/indoorski.de\/main\/#\/schema\/logo\/image\/","url":"https:\/\/indoorski.de\/main\/wp-content\/uploads\/2025\/05\/cropped-indoorski_deutschland_logo_948px-72ppi.jpg","contentUrl":"https:\/\/indoorski.de\/main\/wp-content\/uploads\/2025\/05\/cropped-indoorski_deutschland_logo_948px-72ppi.jpg","width":651,"height":250,"caption":"Indoorski Deutschland"},"image":{"@id":"https:\/\/indoorski.de\/main\/#\/schema\/logo\/image\/"}}]}},"_links":{"self":[{"href":"https:\/\/indoorski.de\/main\/wp-json\/wp\/v2\/pages\/187","targetHints":{"allow":["GET"]}}],"collection":[{"href":"https:\/\/indoorski.de\/main\/wp-json\/wp\/v2\/pages"}],"about":[{"href":"https:\/\/indoorski.de\/main\/wp-json\/wp\/v2\/types\/page"}],"author":[{"embeddable":true,"href":"https:\/\/indoorski.de\/main\/wp-json\/wp\/v2\/users\/1"}],"replies":[{"embeddable":true,"href":"https:\/\/indoorski.de\/main\/wp-json\/wp\/v2\/comments?post=187"}],"version-history":[{"count":9,"href":"https:\/\/indoorski.de\/main\/wp-json\/wp\/v2\/pages\/187\/revisions"}],"predecessor-version":[{"id":316,"href":"https:\/\/indoorski.de\/main\/wp-json\/wp\/v2\/pages\/187\/revisions\/316"}],"wp:attachment":[{"href":"https:\/\/indoorski.de\/main\/wp-json\/wp\/v2\/media?parent=187"}],"curies":[{"name":"wp","href":"https:\/\/api.w.org\/{rel}","templated":true}]}}