{"id":177,"date":"2022-11-22T13:29:17","date_gmt":"2022-11-22T13:29:17","guid":{"rendered":"https:\/\/indoorski.de\/main\/?page_id=177"},"modified":"2024-03-07T09:23:29","modified_gmt":"2024-03-07T09:23:29","slug":"agb","status":"publish","type":"page","link":"https:\/\/indoorski.de\/main\/agb\/","title":{"rendered":"AGB"},"content":{"rendered":"\n<h2 class=\"wp-block-heading\">Allgemeine Gesch\u00e4ftsbedingungen<\/h2>\n\n\n\n<h3 class=\"wp-block-heading\">Algemein<\/h3>\n\n\n\n<p>Die Allgemeinen Gesch\u00e4ftsbedingungen von Indoorski Deutschland gelten f\u00fcr den Verkauf von Ski- &amp; Snowboardkursen und sonstigen Verk\u00e4ufen, bei denen Sie einen gef\u00fchrten Zugang zu den Rollbahnen von Indoorski Deutschland erhalten.<br>Abweichende Gesch\u00e4ftsbedingungen des K\u00e4ufers erkennt die Indoorski Deutschland GmbH nicht an, es sei denn sie h\u00e4tte deren Geltung ausdr\u00fccklich zugestimmt.<\/p>\n\n\n\n<p>Diese Allgemeinen Gesch\u00e4ftsbedingungen gelten in der zum Zeitpunkt des jeweiligen Vertragsschlusses g\u00fcltigen Fassung f\u00fcr alle unsere vertraglichen Leistungen, f\u00fcr die auf die Geltung dieser AGB hingewiesen wird. Hiervon abweichende Regelungen gelten nur, sofern wir diese schriftlich best\u00e4tigt haben.<\/p>\n\n\n\n<h3 class=\"wp-block-heading\">Benutzung der Drehpisten<\/h3>\n\n\n\n<p>Die unbeaufsichtigte Benutzung der Drehpisten und allem, was dazugeh\u00f6rt ist zu jeder Zeit ausdr\u00fccklich untersagt. Eine Drehpiste darf nur von geschultem und qualifiziertem Personal bedient werden.<\/p>\n\n\n\n<h3 class=\"wp-block-heading\">Anmelden<\/h3>\n\n\n\n<p>Beim Betreten unserer Firma bitten wir Sie, sich an der Rezeption zu melden. Hier k\u00f6nnen wir Ihnen sagen, auf welchem Bahn Ihr Unterricht stattfindet und eventuell Details mit Ihnen besprechen. Versuchen Sie f\u00fcnfzehn Minuten vor Unterrichtsbeginn anwesend zu sein.<\/p>\n\n\n\n<h3 class=\"wp-block-heading\">Unterrichtsdauer<\/h3>\n\n\n\n<p>Versuchen Sie f\u00fcnfzehn Minuten vor Beginn vor Ort zu sein. Eine Unterrichtsstunde dauert eine Stunde. In der Stunde, in der Sie Unterricht haben, fahren Sie etwa 30 Minuten Ski oder Snowboard.<\/p>\n\n\n\n<h3 class=\"wp-block-heading\">Stornierung<\/h3>\n\n\n\n<p>Wenn doch mal was dazwischen kommt, k\u00f6nnen Sie bis 24 Stunden vor Unterrichtsbeginn kostenlos umbuchen. Eine zu sp\u00e4t abgesagte Unterrichtsstunde wird verrechnet, kann aber einfach nachgeholt werden. Dazu k\u00f6nnen Sie morgens anrufen, wenn an diesem Tag noch ein Platz frei ist, an dem Sie teilnehmen k\u00f6nnen.<br>F\u00fcr Kinderfeste, Bahnreservierungen oder Betriebsausfl\u00fcge gilt eine Stornofrist von 48 Stunden.<\/p>\n\n\n\n<h3 class=\"wp-block-heading\">Unterrichtspakete\/Kurs<\/h3>\n\n\n\n<p>Unterrichtspakete sind pers\u00f6nlich. Daher kann kein Unterrichtspaket von mehreren Personen geteilt werden.<\/p>\n\n\n\n<h3 class=\"wp-block-heading\">Zahlung<\/h3>\n\n\n\n<p>Wenn Sie einen Kurs geplant haben, m\u00f6chten wir Sie bitten, die Kursgeb\u00fchr bei der ersten Unterrichtsstunde zu bezahlen. Sie k\u00f6nnen bei uns per Karte oder bar bezahlen. Eine R\u00fcckerstattung der Kursgeb\u00fchren ist nicht m\u00f6glich.<\/p>\n\n\n\n<h3 class=\"wp-block-heading\">Ski Pass \/ Gutschein \/ Coupon<\/h3>\n\n\n\n<p>Ein Skipass kann ein Gutschein oder ein Coupon sein. Auf einem Skipass steht genau der Wert des Passes und wann dieser g\u00fcltig ist. Der Wert kann aus Rabatten (zum Beisiel 25% Rabat auf 1 oder 5 stunden Unterricht), kostenlosen Unterrichtsstunden oder festen Betr\u00e4ge bestehen (zum Beispiel \u20ac50,-).<br>Ein Skipass hat immer eine Sequenznummer, die das Kopieren des Passes unm\u00f6glich macht. Jede Sequenznummer kann nur einmal verwendet werden.<br>Die Eigenschaften jedes ausgestellten Skipasses werden registriert.<br>\u00c4nderungen am Skipass machen diesen ung\u00fcltig.<\/p>\n\n\n\n<h3 class=\"wp-block-heading\">Material<\/h3>\n\n\n\n<p>Alle notwendigen Materialien sind im Unterrichtspreis enthalten. Notwendige Materialien sind: Ski, Skischuhe, Snowboard, Snowboardshuhe, Skist\u00f6cke und Kniesch\u00fctzer (f\u00fcr Snowboardfahren). Es ist jedoch m\u00f6glich, eigene Schuhe, Kniesch\u00fctzer und Helm zu tragen. Eigene Skier\/Snowboards d\u00fcrfen auf unserer Strecke wegen der Anforderungen an dieses Material nicht verwendet werden. Es ist Pflicht, saubere Socken in unseren Schuhen zu tragen.<br>Ski-\/Snowboardhose, Jacke und Socken werden nicht von uns gestellt. In unserer Halle gibt es keine K\u00fchlung, daher ist warme Kleidung nur notwendig, wenn es drau\u00dfen sehr kalt ist.<\/p>\n\n\n\n<h3 class=\"wp-block-heading\">Helme<\/h3>\n\n\n\n<p>Es wird dringend empfohlen, auf der Strecke einen Helm zu tragen. Diese werden gegen eine geringe Geb\u00fchr zur Verf\u00fcgung gestellt. Wir m\u00f6chten Sie bitten, m\u00f6glichst einen eigenen Helm zu tragen. Beim Tragen unserer Helme ist ein Haarnetz obligatorisch.<\/p>\n\n\n\n<h3 class=\"wp-block-heading\">Haftung<\/h3>\n\n\n\n<p>Skifahren und Snowboarden sind Risikosportarten, daher raten wir dringend davon ab, vor dem Unterricht Medikamente\/Drogen\/Alkohol einzunehmen. Wenn Sie Zweifel an Ihrer k\u00f6rperlichen Verfassung haben, ist es au\u00dferdem sinnvoll, sich einer sportmedizinischen Untersuchung bei einem (Sport-)Arzt zu unterziehen. Ein Arzt kann Sie bez\u00fcglich Ihrer Teilnahme an einem Kurs beraten. Eine gute Grundkondition hilft, Verletzungen vorzubeugen. Wir versuchen, das Verletzungsrisiko so gering wie m\u00f6glich zu halten. Befolgen Sie daher stets die Anweisungen des Ausbilders. Sollte es dennoch zu einer Verletzung kommen, geschieht dies auf eigene Gefahr. F\u00fcr die daraus entstehenden Folgen kann Indoorski Deutschland daher in keiner Weise haftbar gemacht werden.<\/p>\n\n\n\n<p>Indoorski Deutschland haftet nicht f\u00fcr Diebstahl, Besch\u00e4digung und\/oder Verlust ihre Ware.<\/p>\n\n\n\n<h3 class=\"wp-block-heading\">Konsum<\/h3>\n\n\n\n<p>Essen, Getr\u00e4nke (au\u00dfer Wasser) und S\u00fc\u00dfigkeiten wie Kaugummi sind in der unmittelbaren Umgebung der Bahnen nicht erlaubt.  Wir haben kein Restaurant und bieten nur kleine Snacks und alkoholfreie Getr\u00e4nke an. Wenn Sie etwas in unserem Sortiment vermissen, lassen Sie es uns bitte wissen, damit wir es beim n\u00e4chsten Mal m\u00f6glichst f\u00fcr Sie bereithalten.<\/p>\n\n\n\n<h3 class=\"wp-block-heading\">Erf\u00fcllungsort, Gerichtstand und Rechtsordnung<\/h3>\n\n\n\n<p>F\u00fcr Vertr\u00e4ge mit Kaufleuten, juristischen Personen des \u00f6ffentlichen Rechts und \u00f6ffentlich-rechtlichen Sonderverm\u00f6gen wird als Erf\u00fcllungsort f\u00fcr die Lieferung und Zahlung sowie als Gerichtsstand Herne, Deutschland vereinbart; Indoorski Deutschland ist jedoch berechtigt, auch am Ort des Sitzes oder der Niederlassung des K\u00e4ufers zu klagen. Es gilt das Recht der Bundesrepublik Deutschland unter Ausschluss des UN-Kaufrechts. Sollte eine Bestimmung dieser Bedingungen unwirksam sein oder undurchf\u00fchrbar sein oder werden, so wird dadurch die G\u00fcltigkeit der \u00fcbrigen Bedingungen nicht ber\u00fchrt. Gleiches gilt f\u00fcr den Fall einer Regelungsl\u00fccke.<\/p>\n\n\n\n<p>Fassung M\u00e4rz 2024<\/p>\n","protected":false},"excerpt":{"rendered":"<p>Allgemeine Gesch\u00e4ftsbedingungen Algemein Die Allgemeinen Gesch\u00e4ftsbedingungen von Indoorski Deutschland gelten f\u00fcr den Verkauf von Ski- &amp; Snowboardkursen und sonstigen Verk\u00e4ufen, bei denen Sie einen gef\u00fchrten Zugang zu den Rollbahnen von Indoorski Deutschland erhalten.Abweichende Gesch\u00e4ftsbedingungen des K\u00e4ufers erkennt die Indoorski Deutschland GmbH nicht an, es sei denn sie h\u00e4tte deren Geltung ausdr\u00fccklich zugestimmt. Diese Allgemeinen Gesch\u00e4ftsbedingungen &hellip; <\/p>\n<p class=\"link-more\"><a href=\"https:\/\/indoorski.de\/main\/agb\/\" class=\"more-link\">Continue reading<span class=\"screen-reader-text\"> &#8220;AGB&#8221;<\/span><\/a><\/p>\n","protected":false},"author":1,"featured_media":0,"parent":0,"menu_order":0,"comment_status":"closed","ping_status":"closed","template":"","meta":{"footnotes":""},"class_list":["post-177","page","type-page","status-publish","hentry"],"yoast_head":"<!-- This site is optimized with the Yoast SEO plugin v24.9 - https:\/\/yoast.com\/wordpress\/plugins\/seo\/ -->\n<title>AGB - Indoorski Deutschland<\/title>\n<meta name=\"robots\" content=\"noindex, nofollow\" \/>\n<meta property=\"og:locale\" content=\"en_US\" \/>\n<meta property=\"og:type\" content=\"article\" \/>\n<meta property=\"og:title\" content=\"AGB - Indoorski Deutschland\" \/>\n<meta property=\"og:description\" content=\"Allgemeine Gesch\u00e4ftsbedingungen Algemein Die Allgemeinen Gesch\u00e4ftsbedingungen von Indoorski Deutschland gelten f\u00fcr den Verkauf von Ski- &amp; Snowboardkursen und sonstigen Verk\u00e4ufen, bei denen Sie einen gef\u00fchrten Zugang zu den Rollbahnen von Indoorski Deutschland erhalten.Abweichende Gesch\u00e4ftsbedingungen des K\u00e4ufers erkennt die Indoorski Deutschland GmbH nicht an, es sei denn sie h\u00e4tte deren Geltung ausdr\u00fccklich zugestimmt. Diese Allgemeinen Gesch\u00e4ftsbedingungen &hellip; Continue reading &quot;AGB&quot;\" \/>\n<meta property=\"og:url\" content=\"https:\/\/indoorski.de\/main\/agb\/\" \/>\n<meta property=\"og:site_name\" content=\"Indoorski Deutschland\" \/>\n<meta property=\"article:modified_time\" content=\"2024-03-07T09:23:29+00:00\" \/>\n<meta name=\"twitter:card\" content=\"summary_large_image\" \/>\n<meta name=\"twitter:label1\" content=\"Est. reading time\" \/>\n\t<meta name=\"twitter:data1\" content=\"4 minutes\" \/>\n<script type=\"application\/ld+json\" class=\"yoast-schema-graph\">{\"@context\":\"https:\/\/schema.org\",\"@graph\":[{\"@type\":\"WebPage\",\"@id\":\"https:\/\/indoorski.de\/main\/agb\/\",\"url\":\"https:\/\/indoorski.de\/main\/agb\/\",\"name\":\"AGB - Indoorski Deutschland\",\"isPartOf\":{\"@id\":\"https:\/\/indoorski.de\/main\/#website\"},\"datePublished\":\"2022-11-22T13:29:17+00:00\",\"dateModified\":\"2024-03-07T09:23:29+00:00\",\"breadcrumb\":{\"@id\":\"https:\/\/indoorski.de\/main\/agb\/#breadcrumb\"},\"inLanguage\":\"en-US\",\"potentialAction\":[{\"@type\":\"ReadAction\",\"target\":[\"https:\/\/indoorski.de\/main\/agb\/\"]}]},{\"@type\":\"BreadcrumbList\",\"@id\":\"https:\/\/indoorski.de\/main\/agb\/#breadcrumb\",\"itemListElement\":[{\"@type\":\"ListItem\",\"position\":1,\"name\":\"Home\",\"item\":\"https:\/\/indoorski.de\/main\/\"},{\"@type\":\"ListItem\",\"position\":2,\"name\":\"AGB\"}]},{\"@type\":\"WebSite\",\"@id\":\"https:\/\/indoorski.de\/main\/#website\",\"url\":\"https:\/\/indoorski.de\/main\/\",\"name\":\"Indoorski Deutschland\",\"description\":\"Schneller lernen in der Skischule der Zukunft\",\"publisher\":{\"@id\":\"https:\/\/indoorski.de\/main\/#organization\"},\"potentialAction\":[{\"@type\":\"SearchAction\",\"target\":{\"@type\":\"EntryPoint\",\"urlTemplate\":\"https:\/\/indoorski.de\/main\/?s={search_term_string}\"},\"query-input\":{\"@type\":\"PropertyValueSpecification\",\"valueRequired\":true,\"valueName\":\"search_term_string\"}}],\"inLanguage\":\"en-US\"},{\"@type\":\"Organization\",\"@id\":\"https:\/\/indoorski.de\/main\/#organization\",\"name\":\"Indoorski Deutschland\",\"url\":\"https:\/\/indoorski.de\/main\/\",\"logo\":{\"@type\":\"ImageObject\",\"inLanguage\":\"en-US\",\"@id\":\"https:\/\/indoorski.de\/main\/#\/schema\/logo\/image\/\",\"url\":\"https:\/\/indoorski.de\/main\/wp-content\/uploads\/2025\/05\/cropped-indoorski_deutschland_logo_948px-72ppi.jpg\",\"contentUrl\":\"https:\/\/indoorski.de\/main\/wp-content\/uploads\/2025\/05\/cropped-indoorski_deutschland_logo_948px-72ppi.jpg\",\"width\":651,\"height\":250,\"caption\":\"Indoorski Deutschland\"},\"image\":{\"@id\":\"https:\/\/indoorski.de\/main\/#\/schema\/logo\/image\/\"}}]}<\/script>\n<!-- \/ Yoast SEO plugin. -->","yoast_head_json":{"title":"AGB - Indoorski Deutschland","robots":{"index":"noindex","follow":"nofollow"},"og_locale":"en_US","og_type":"article","og_title":"AGB - Indoorski Deutschland","og_description":"Allgemeine Gesch\u00e4ftsbedingungen Algemein Die Allgemeinen Gesch\u00e4ftsbedingungen von Indoorski Deutschland gelten f\u00fcr den Verkauf von Ski- &amp; Snowboardkursen und sonstigen Verk\u00e4ufen, bei denen Sie einen gef\u00fchrten Zugang zu den Rollbahnen von Indoorski Deutschland erhalten.Abweichende Gesch\u00e4ftsbedingungen des K\u00e4ufers erkennt die Indoorski Deutschland GmbH nicht an, es sei denn sie h\u00e4tte deren Geltung ausdr\u00fccklich zugestimmt. Diese Allgemeinen Gesch\u00e4ftsbedingungen &hellip; Continue reading \"AGB\"","og_url":"https:\/\/indoorski.de\/main\/agb\/","og_site_name":"Indoorski Deutschland","article_modified_time":"2024-03-07T09:23:29+00:00","twitter_card":"summary_large_image","twitter_misc":{"Est. reading time":"4 minutes"},"schema":{"@context":"https:\/\/schema.org","@graph":[{"@type":"WebPage","@id":"https:\/\/indoorski.de\/main\/agb\/","url":"https:\/\/indoorski.de\/main\/agb\/","name":"AGB - Indoorski Deutschland","isPartOf":{"@id":"https:\/\/indoorski.de\/main\/#website"},"datePublished":"2022-11-22T13:29:17+00:00","dateModified":"2024-03-07T09:23:29+00:00","breadcrumb":{"@id":"https:\/\/indoorski.de\/main\/agb\/#breadcrumb"},"inLanguage":"en-US","potentialAction":[{"@type":"ReadAction","target":["https:\/\/indoorski.de\/main\/agb\/"]}]},{"@type":"BreadcrumbList","@id":"https:\/\/indoorski.de\/main\/agb\/#breadcrumb","itemListElement":[{"@type":"ListItem","position":1,"name":"Home","item":"https:\/\/indoorski.de\/main\/"},{"@type":"ListItem","position":2,"name":"AGB"}]},{"@type":"WebSite","@id":"https:\/\/indoorski.de\/main\/#website","url":"https:\/\/indoorski.de\/main\/","name":"Indoorski Deutschland","description":"Schneller lernen in der Skischule der Zukunft","publisher":{"@id":"https:\/\/indoorski.de\/main\/#organization"},"potentialAction":[{"@type":"SearchAction","target":{"@type":"EntryPoint","urlTemplate":"https:\/\/indoorski.de\/main\/?s={search_term_string}"},"query-input":{"@type":"PropertyValueSpecification","valueRequired":true,"valueName":"search_term_string"}}],"inLanguage":"en-US"},{"@type":"Organization","@id":"https:\/\/indoorski.de\/main\/#organization","name":"Indoorski Deutschland","url":"https:\/\/indoorski.de\/main\/","logo":{"@type":"ImageObject","inLanguage":"en-US","@id":"https:\/\/indoorski.de\/main\/#\/schema\/logo\/image\/","url":"https:\/\/indoorski.de\/main\/wp-content\/uploads\/2025\/05\/cropped-indoorski_deutschland_logo_948px-72ppi.jpg","contentUrl":"https:\/\/indoorski.de\/main\/wp-content\/uploads\/2025\/05\/cropped-indoorski_deutschland_logo_948px-72ppi.jpg","width":651,"height":250,"caption":"Indoorski Deutschland"},"image":{"@id":"https:\/\/indoorski.de\/main\/#\/schema\/logo\/image\/"}}]}},"_links":{"self":[{"href":"https:\/\/indoorski.de\/main\/wp-json\/wp\/v2\/pages\/177","targetHints":{"allow":["GET"]}}],"collection":[{"href":"https:\/\/indoorski.de\/main\/wp-json\/wp\/v2\/pages"}],"about":[{"href":"https:\/\/indoorski.de\/main\/wp-json\/wp\/v2\/types\/page"}],"author":[{"embeddable":true,"href":"https:\/\/indoorski.de\/main\/wp-json\/wp\/v2\/users\/1"}],"replies":[{"embeddable":true,"href":"https:\/\/indoorski.de\/main\/wp-json\/wp\/v2\/comments?post=177"}],"version-history":[{"count":20,"href":"https:\/\/indoorski.de\/main\/wp-json\/wp\/v2\/pages\/177\/revisions"}],"predecessor-version":[{"id":335,"href":"https:\/\/indoorski.de\/main\/wp-json\/wp\/v2\/pages\/177\/revisions\/335"}],"wp:attachment":[{"href":"https:\/\/indoorski.de\/main\/wp-json\/wp\/v2\/media?parent=177"}],"curies":[{"name":"wp","href":"https:\/\/api.w.org\/{rel}","templated":true}]}}