{"id":110,"date":"2022-10-09T11:44:07","date_gmt":"2022-10-09T11:44:07","guid":{"rendered":"https:\/\/indoorski.de\/main\/?page_id=110"},"modified":"2024-03-04T10:19:22","modified_gmt":"2024-03-04T10:19:22","slug":"jobs-angebote-fortbildungen","status":"publish","type":"page","link":"https:\/\/indoorski.de\/main\/jobs-angebote-fortbildungen\/","title":{"rendered":"Jobangebote und Ausbildungen"},"content":{"rendered":"\n<p>Zur Verst\u00e4rkung unseres Teams suchen wir:<\/p>\n\n\n\n<h2 class=\"wp-block-heading\"><strong>Firmenchef \/ Skilehrer \/ Snowboardlehrer (m\/w\/d).<\/strong><\/h2>\n\n\n\n<p>Wir suchen eine Vollzeitkraft mit Ski- und Snowboardlehrerausbildung sowie Erfahrungen in der Gesch\u00e4ftsf\u00fchrung.<\/p>\n\n\n\n<p>Du bist ambitioniert und m\u00f6chtest in einem Start-Up mit viel Entwicklungspotenzial wachsen? Dann f\u00fclle folgendes Kontaktformular aus.<\/p>\n\n\n\n<p><a href=\"https:\/\/indoorski.de\/main\/kontakt\/\">Zum Kontaktformular<\/a><\/p>\n\n\n\n<figure class=\"wp-block-image size-full\"><img loading=\"lazy\" decoding=\"async\" width=\"250\" height=\"250\" src=\"https:\/\/indoorski.de\/main\/wp-content\/uploads\/2022\/10\/cropped-IndoorskiHerneLogoRound.png\" alt=\"\" class=\"wp-image-108\" srcset=\"https:\/\/indoorski.de\/main\/wp-content\/uploads\/2022\/10\/cropped-IndoorskiHerneLogoRound.png 250w, https:\/\/indoorski.de\/main\/wp-content\/uploads\/2022\/10\/cropped-IndoorskiHerneLogoRound-150x150.png 150w, https:\/\/indoorski.de\/main\/wp-content\/uploads\/2022\/10\/cropped-IndoorskiHerneLogoRound-100x100.png 100w\" sizes=\"auto, (max-width: 250px) 100vw, 250px\" \/><\/figure>\n\n\n\n<h2 class=\"wp-block-heading\"><strong>Skilehrer und\/oder Snowboardlehrer (m\/w\/d).<\/strong><\/h2>\n\n\n\n<p>Vollzeit oder Teilzeit<\/p>\n\n\n\n<p><strong>Das findest Du bei uns:<\/strong><\/p>\n\n\n\n<ul class=\"wp-block-list\">\n<li>Ein informelles und freundliches Arbeitsumfeld, in dem Eigeninitiative gesch\u00e4tzt wird.<\/li>\n\n\n\n<li>Fortbildungen und Training auf der Bahn und im Schnee.<\/li>\n\n\n\n<li>Ein gutes Gehalt auf Basis deiner F\u00e4higkeiten.<\/li>\n<\/ul>\n\n\n\n<p><strong>Anforderungen an dich:<\/strong><\/p>\n\n\n\n<ul class=\"wp-block-list\">\n<li>Sehr gutes Fahrverm\u00f6gen<\/li>\n\n\n\n<li>Leidenschaft f\u00fcr das Unterrichten und den Wintersport<\/li>\n\n\n\n<li>Gute Kommunikationsf\u00e4higkeiten und Gastorientierung<\/li>\n\n\n\n<li>Eine DSV\/DSLV- oder \u00e4hnliche internationale Qualifikation<\/li>\n\n\n\n<li>Verf\u00fcgbarkeit auch abends und am Wochenende<\/li>\n<\/ul>\n\n\n\n<p>Bist du an einer Mitarbeit in unserem Team interessiert und kannst dir die oben beschriebene Stelle vorstellen? Dann f\u00fclle folgendes Kontaktformular aus.<\/p>\n\n\n\n<p><a href=\"https:\/\/indoorski.de\/main\/kontakt\/\">Zum Kontaktformular<\/a><\/p>\n\n\n\n<figure class=\"wp-block-image size-full\"><img loading=\"lazy\" decoding=\"async\" width=\"250\" height=\"250\" src=\"https:\/\/indoorski.de\/main\/wp-content\/uploads\/2022\/10\/cropped-IndoorskiHerneLogoRound.png\" alt=\"\" class=\"wp-image-108\" srcset=\"https:\/\/indoorski.de\/main\/wp-content\/uploads\/2022\/10\/cropped-IndoorskiHerneLogoRound.png 250w, https:\/\/indoorski.de\/main\/wp-content\/uploads\/2022\/10\/cropped-IndoorskiHerneLogoRound-150x150.png 150w, https:\/\/indoorski.de\/main\/wp-content\/uploads\/2022\/10\/cropped-IndoorskiHerneLogoRound-100x100.png 100w\" sizes=\"auto, (max-width: 250px) 100vw, 250px\" \/><\/figure>\n\n\n\n<h2 class=\"wp-block-heading\"><strong>Auszubildende  (m\/w\/d).<\/strong><\/h2>\n\n\n\n<p>Du bist noch kein Ski- oder Snowboardlehrer, m\u00f6chtest aber gerne einer werden? Wir gew\u00e4hrleisten deine komplette Ausbildung.<\/p>\n\n\n\n<ul class=\"wp-block-list\">\n<li>Skifahren und Snowboarden lernen auf unserer Piste<\/li>\n\n\n\n<li>Selbst unterrichten unter Aufsicht eines qualifizierten Trainers<\/li>\n\n\n\n<li>Ausbildung und Pr\u00fcfungen nach internationalen Recht<\/li>\n<\/ul>\n\n\n\n<p>Siehst du f\u00fcr Dich eine Zukunft im sch\u00f6nsten Beruf der Welt? Dann f\u00fclle unser Kontaktformular aus.<\/p>\n\n\n\n<p><a href=\"https:\/\/indoorski.de\/main\/kontakt\/\">Zum Kontaktformular<\/a><\/p>\n\n\n\n<p>Wir freuen uns auf Dich!<\/p>\n\n\n\n<figure class=\"wp-block-image size-full\"><img loading=\"lazy\" decoding=\"async\" width=\"394\" height=\"394\" src=\"https:\/\/indoorski.de\/main\/wp-content\/uploads\/2022\/10\/IndoorskiHerneLogoRound.png\" alt=\"\" class=\"wp-image-107\" srcset=\"https:\/\/indoorski.de\/main\/wp-content\/uploads\/2022\/10\/IndoorskiHerneLogoRound.png 394w, https:\/\/indoorski.de\/main\/wp-content\/uploads\/2022\/10\/IndoorskiHerneLogoRound-300x300.png 300w, https:\/\/indoorski.de\/main\/wp-content\/uploads\/2022\/10\/IndoorskiHerneLogoRound-150x150.png 150w, https:\/\/indoorski.de\/main\/wp-content\/uploads\/2022\/10\/IndoorskiHerneLogoRound-100x100.png 100w\" sizes=\"auto, (max-width: 394px) 100vw, 394px\" \/><\/figure>\n","protected":false},"excerpt":{"rendered":"<p>Zur Verst\u00e4rkung unseres Teams suchen wir: Firmenchef \/ Skilehrer \/ Snowboardlehrer (m\/w\/d). Wir suchen eine Vollzeitkraft mit Ski- und Snowboardlehrerausbildung sowie Erfahrungen in der Gesch\u00e4ftsf\u00fchrung. Du bist ambitioniert und m\u00f6chtest in einem Start-Up mit viel Entwicklungspotenzial wachsen? Dann f\u00fclle folgendes Kontaktformular aus. Skilehrer und\/oder Snowboardlehrer (m\/w\/d). Vollzeit oder Teilzeit Das findest Du bei uns: Anforderungen &hellip; <\/p>\n<p class=\"link-more\"><a href=\"https:\/\/indoorski.de\/main\/jobs-angebote-fortbildungen\/\" class=\"more-link\">Continue reading<span class=\"screen-reader-text\"> &#8220;Jobangebote und Ausbildungen&#8221;<\/span><\/a><\/p>\n","protected":false},"author":1,"featured_media":137,"parent":0,"menu_order":0,"comment_status":"closed","ping_status":"closed","template":"","meta":{"footnotes":""},"class_list":["post-110","page","type-page","status-publish","has-post-thumbnail","hentry"],"yoast_head":"<!-- This site is optimized with the Yoast SEO plugin v24.9 - https:\/\/yoast.com\/wordpress\/plugins\/seo\/ -->\n<title>Jobangebote und Ausbildungen - Indoorski Deutschland<\/title>\n<meta name=\"robots\" content=\"index, follow, max-snippet:-1, max-image-preview:large, max-video-preview:-1\" \/>\n<link rel=\"canonical\" href=\"https:\/\/indoorski.de\/main\/jobs-angebote-fortbildungen\/\" \/>\n<meta property=\"og:locale\" content=\"en_US\" \/>\n<meta property=\"og:type\" content=\"article\" \/>\n<meta property=\"og:title\" content=\"Jobangebote und Ausbildungen - Indoorski Deutschland\" \/>\n<meta property=\"og:description\" content=\"Zur Verst\u00e4rkung unseres Teams suchen wir: Firmenchef \/ Skilehrer \/ Snowboardlehrer (m\/w\/d). Wir suchen eine Vollzeitkraft mit Ski- und Snowboardlehrerausbildung sowie Erfahrungen in der Gesch\u00e4ftsf\u00fchrung. Du bist ambitioniert und m\u00f6chtest in einem Start-Up mit viel Entwicklungspotenzial wachsen? Dann f\u00fclle folgendes Kontaktformular aus. Skilehrer und\/oder Snowboardlehrer (m\/w\/d). Vollzeit oder Teilzeit Das findest Du bei uns: Anforderungen &hellip; Continue reading &quot;Jobangebote und Ausbildungen&quot;\" \/>\n<meta property=\"og:url\" content=\"https:\/\/indoorski.de\/main\/jobs-angebote-fortbildungen\/\" \/>\n<meta property=\"og:site_name\" content=\"Indoorski Deutschland\" \/>\n<meta property=\"article:modified_time\" content=\"2024-03-04T10:19:22+00:00\" \/>\n<meta property=\"og:image\" content=\"https:\/\/indoorski.de\/main\/wp-content\/uploads\/2022\/10\/Indoor-ski-slope-Roundhill.jpg\" \/>\n\t<meta property=\"og:image:width\" content=\"2080\" \/>\n\t<meta property=\"og:image:height\" content=\"1560\" \/>\n\t<meta property=\"og:image:type\" content=\"image\/jpeg\" \/>\n<meta name=\"twitter:card\" content=\"summary_large_image\" \/>\n<meta name=\"twitter:label1\" content=\"Est. reading time\" \/>\n\t<meta name=\"twitter:data1\" content=\"2 minutes\" \/>\n<script type=\"application\/ld+json\" class=\"yoast-schema-graph\">{\"@context\":\"https:\/\/schema.org\",\"@graph\":[{\"@type\":\"WebPage\",\"@id\":\"https:\/\/indoorski.de\/main\/jobs-angebote-fortbildungen\/\",\"url\":\"https:\/\/indoorski.de\/main\/jobs-angebote-fortbildungen\/\",\"name\":\"Jobangebote und Ausbildungen - Indoorski Deutschland\",\"isPartOf\":{\"@id\":\"https:\/\/indoorski.de\/main\/#website\"},\"primaryImageOfPage\":{\"@id\":\"https:\/\/indoorski.de\/main\/jobs-angebote-fortbildungen\/#primaryimage\"},\"image\":{\"@id\":\"https:\/\/indoorski.de\/main\/jobs-angebote-fortbildungen\/#primaryimage\"},\"thumbnailUrl\":\"https:\/\/indoorski.de\/main\/wp-content\/uploads\/2022\/10\/Indoor-ski-slope-Roundhill.jpg\",\"datePublished\":\"2022-10-09T11:44:07+00:00\",\"dateModified\":\"2024-03-04T10:19:22+00:00\",\"breadcrumb\":{\"@id\":\"https:\/\/indoorski.de\/main\/jobs-angebote-fortbildungen\/#breadcrumb\"},\"inLanguage\":\"en-US\",\"potentialAction\":[{\"@type\":\"ReadAction\",\"target\":[\"https:\/\/indoorski.de\/main\/jobs-angebote-fortbildungen\/\"]}]},{\"@type\":\"ImageObject\",\"inLanguage\":\"en-US\",\"@id\":\"https:\/\/indoorski.de\/main\/jobs-angebote-fortbildungen\/#primaryimage\",\"url\":\"https:\/\/indoorski.de\/main\/wp-content\/uploads\/2022\/10\/Indoor-ski-slope-Roundhill.jpg\",\"contentUrl\":\"https:\/\/indoorski.de\/main\/wp-content\/uploads\/2022\/10\/Indoor-ski-slope-Roundhill.jpg\",\"width\":2080,\"height\":1560},{\"@type\":\"BreadcrumbList\",\"@id\":\"https:\/\/indoorski.de\/main\/jobs-angebote-fortbildungen\/#breadcrumb\",\"itemListElement\":[{\"@type\":\"ListItem\",\"position\":1,\"name\":\"Home\",\"item\":\"https:\/\/indoorski.de\/main\/\"},{\"@type\":\"ListItem\",\"position\":2,\"name\":\"Jobangebote und Ausbildungen\"}]},{\"@type\":\"WebSite\",\"@id\":\"https:\/\/indoorski.de\/main\/#website\",\"url\":\"https:\/\/indoorski.de\/main\/\",\"name\":\"Indoorski Deutschland\",\"description\":\"Schneller lernen in der Skischule der Zukunft\",\"publisher\":{\"@id\":\"https:\/\/indoorski.de\/main\/#organization\"},\"potentialAction\":[{\"@type\":\"SearchAction\",\"target\":{\"@type\":\"EntryPoint\",\"urlTemplate\":\"https:\/\/indoorski.de\/main\/?s={search_term_string}\"},\"query-input\":{\"@type\":\"PropertyValueSpecification\",\"valueRequired\":true,\"valueName\":\"search_term_string\"}}],\"inLanguage\":\"en-US\"},{\"@type\":\"Organization\",\"@id\":\"https:\/\/indoorski.de\/main\/#organization\",\"name\":\"Indoorski Deutschland\",\"url\":\"https:\/\/indoorski.de\/main\/\",\"logo\":{\"@type\":\"ImageObject\",\"inLanguage\":\"en-US\",\"@id\":\"https:\/\/indoorski.de\/main\/#\/schema\/logo\/image\/\",\"url\":\"https:\/\/indoorski.de\/main\/wp-content\/uploads\/2025\/05\/cropped-indoorski_deutschland_logo_948px-72ppi.jpg\",\"contentUrl\":\"https:\/\/indoorski.de\/main\/wp-content\/uploads\/2025\/05\/cropped-indoorski_deutschland_logo_948px-72ppi.jpg\",\"width\":651,\"height\":250,\"caption\":\"Indoorski Deutschland\"},\"image\":{\"@id\":\"https:\/\/indoorski.de\/main\/#\/schema\/logo\/image\/\"}}]}<\/script>\n<!-- \/ Yoast SEO plugin. -->","yoast_head_json":{"title":"Jobangebote und Ausbildungen - Indoorski Deutschland","robots":{"index":"index","follow":"follow","max-snippet":"max-snippet:-1","max-image-preview":"max-image-preview:large","max-video-preview":"max-video-preview:-1"},"canonical":"https:\/\/indoorski.de\/main\/jobs-angebote-fortbildungen\/","og_locale":"en_US","og_type":"article","og_title":"Jobangebote und Ausbildungen - Indoorski Deutschland","og_description":"Zur Verst\u00e4rkung unseres Teams suchen wir: Firmenchef \/ Skilehrer \/ Snowboardlehrer (m\/w\/d). Wir suchen eine Vollzeitkraft mit Ski- und Snowboardlehrerausbildung sowie Erfahrungen in der Gesch\u00e4ftsf\u00fchrung. Du bist ambitioniert und m\u00f6chtest in einem Start-Up mit viel Entwicklungspotenzial wachsen? Dann f\u00fclle folgendes Kontaktformular aus. Skilehrer und\/oder Snowboardlehrer (m\/w\/d). Vollzeit oder Teilzeit Das findest Du bei uns: Anforderungen &hellip; Continue reading \"Jobangebote und Ausbildungen\"","og_url":"https:\/\/indoorski.de\/main\/jobs-angebote-fortbildungen\/","og_site_name":"Indoorski Deutschland","article_modified_time":"2024-03-04T10:19:22+00:00","og_image":[{"width":2080,"height":1560,"url":"https:\/\/indoorski.de\/main\/wp-content\/uploads\/2022\/10\/Indoor-ski-slope-Roundhill.jpg","type":"image\/jpeg"}],"twitter_card":"summary_large_image","twitter_misc":{"Est. reading time":"2 minutes"},"schema":{"@context":"https:\/\/schema.org","@graph":[{"@type":"WebPage","@id":"https:\/\/indoorski.de\/main\/jobs-angebote-fortbildungen\/","url":"https:\/\/indoorski.de\/main\/jobs-angebote-fortbildungen\/","name":"Jobangebote und Ausbildungen - Indoorski Deutschland","isPartOf":{"@id":"https:\/\/indoorski.de\/main\/#website"},"primaryImageOfPage":{"@id":"https:\/\/indoorski.de\/main\/jobs-angebote-fortbildungen\/#primaryimage"},"image":{"@id":"https:\/\/indoorski.de\/main\/jobs-angebote-fortbildungen\/#primaryimage"},"thumbnailUrl":"https:\/\/indoorski.de\/main\/wp-content\/uploads\/2022\/10\/Indoor-ski-slope-Roundhill.jpg","datePublished":"2022-10-09T11:44:07+00:00","dateModified":"2024-03-04T10:19:22+00:00","breadcrumb":{"@id":"https:\/\/indoorski.de\/main\/jobs-angebote-fortbildungen\/#breadcrumb"},"inLanguage":"en-US","potentialAction":[{"@type":"ReadAction","target":["https:\/\/indoorski.de\/main\/jobs-angebote-fortbildungen\/"]}]},{"@type":"ImageObject","inLanguage":"en-US","@id":"https:\/\/indoorski.de\/main\/jobs-angebote-fortbildungen\/#primaryimage","url":"https:\/\/indoorski.de\/main\/wp-content\/uploads\/2022\/10\/Indoor-ski-slope-Roundhill.jpg","contentUrl":"https:\/\/indoorski.de\/main\/wp-content\/uploads\/2022\/10\/Indoor-ski-slope-Roundhill.jpg","width":2080,"height":1560},{"@type":"BreadcrumbList","@id":"https:\/\/indoorski.de\/main\/jobs-angebote-fortbildungen\/#breadcrumb","itemListElement":[{"@type":"ListItem","position":1,"name":"Home","item":"https:\/\/indoorski.de\/main\/"},{"@type":"ListItem","position":2,"name":"Jobangebote und Ausbildungen"}]},{"@type":"WebSite","@id":"https:\/\/indoorski.de\/main\/#website","url":"https:\/\/indoorski.de\/main\/","name":"Indoorski Deutschland","description":"Schneller lernen in der Skischule der Zukunft","publisher":{"@id":"https:\/\/indoorski.de\/main\/#organization"},"potentialAction":[{"@type":"SearchAction","target":{"@type":"EntryPoint","urlTemplate":"https:\/\/indoorski.de\/main\/?s={search_term_string}"},"query-input":{"@type":"PropertyValueSpecification","valueRequired":true,"valueName":"search_term_string"}}],"inLanguage":"en-US"},{"@type":"Organization","@id":"https:\/\/indoorski.de\/main\/#organization","name":"Indoorski Deutschland","url":"https:\/\/indoorski.de\/main\/","logo":{"@type":"ImageObject","inLanguage":"en-US","@id":"https:\/\/indoorski.de\/main\/#\/schema\/logo\/image\/","url":"https:\/\/indoorski.de\/main\/wp-content\/uploads\/2025\/05\/cropped-indoorski_deutschland_logo_948px-72ppi.jpg","contentUrl":"https:\/\/indoorski.de\/main\/wp-content\/uploads\/2025\/05\/cropped-indoorski_deutschland_logo_948px-72ppi.jpg","width":651,"height":250,"caption":"Indoorski Deutschland"},"image":{"@id":"https:\/\/indoorski.de\/main\/#\/schema\/logo\/image\/"}}]}},"_links":{"self":[{"href":"https:\/\/indoorski.de\/main\/wp-json\/wp\/v2\/pages\/110","targetHints":{"allow":["GET"]}}],"collection":[{"href":"https:\/\/indoorski.de\/main\/wp-json\/wp\/v2\/pages"}],"about":[{"href":"https:\/\/indoorski.de\/main\/wp-json\/wp\/v2\/types\/page"}],"author":[{"embeddable":true,"href":"https:\/\/indoorski.de\/main\/wp-json\/wp\/v2\/users\/1"}],"replies":[{"embeddable":true,"href":"https:\/\/indoorski.de\/main\/wp-json\/wp\/v2\/comments?post=110"}],"version-history":[{"count":12,"href":"https:\/\/indoorski.de\/main\/wp-json\/wp\/v2\/pages\/110\/revisions"}],"predecessor-version":[{"id":322,"href":"https:\/\/indoorski.de\/main\/wp-json\/wp\/v2\/pages\/110\/revisions\/322"}],"wp:featuredmedia":[{"embeddable":true,"href":"https:\/\/indoorski.de\/main\/wp-json\/wp\/v2\/media\/137"}],"wp:attachment":[{"href":"https:\/\/indoorski.de\/main\/wp-json\/wp\/v2\/media?parent=110"}],"curies":[{"name":"wp","href":"https:\/\/api.w.org\/{rel}","templated":true}]}}